{"id":8584,"date":"2018-08-05T10:21:42","date_gmt":"2018-08-05T08:21:42","guid":{"rendered":"https:\/\/www.wachal.cz\/kontakt\/"},"modified":"2026-02-16T15:11:13","modified_gmt":"2026-02-16T14:11:13","slug":"contact","status":"publish","type":"page","link":"https:\/\/www.wachal.cz\/en\/contact\/","title":{"rendered":"Contact"},"content":{"rendered":"\n<section class=\"wp-block-group alignfull has-yellow-background-color has-background is-layout-constrained wp-block-group-is-layout-constrained\" style=\"margin-top:0;margin-bottom:0\">\n<div class=\"wp-block-columns is-layout-flex wp-container-core-columns-is-layout-28f84493 wp-block-columns-is-layout-flex\">\n<div class=\"wp-block-column is-layout-flow wp-block-column-is-layout-flow\" style=\"flex-basis:44%\"><h1 class=\"wp-block-post-title\">Contact<\/h1>\n\n\n<p class=\"has-primary-color has-text-color has-link-color wp-elements-414669a28d9360b771fb64a41df4d970\" style=\"font-size:26px\" class=\"wp-block-paragraph\"><strong>VW WACHAL a.s.<\/strong><\/p>\n\n\n    <ul id=\"kontakty-block_e9c35e7785511150e626b0090a0842de\" class=\"kontakty\">\n                    <li class=\"\">\n\n                <div class=\"ratio ratio-1x1\">\n                    <img loading=\"lazy\" decoding=\"async\" width=\"460\" height=\"460\" src=\"https:\/\/www.wachal.cz\/wp-content\/uploads\/2025\/11\/Group-226.svg\" class=\"ikonaKontaktu\" alt=\"Telefon\" \/>                <\/div>\n                <div class=\"textkontaktu\"><p class=\"wp-block-paragraph\">+420 573 503 311<\/p>\n<\/div>\n            <\/li>\n                    <li class=\"\">\n\n                <div class=\"ratio ratio-1x1\">\n                    <img loading=\"lazy\" decoding=\"async\" width=\"460\" height=\"460\" src=\"https:\/\/www.wachal.cz\/wp-content\/uploads\/2025\/11\/Group-226.svg\" class=\"ikonaKontaktu\" alt=\"Telefon\" \/>                <\/div>\n                <div class=\"textkontaktu\"><p class=\"wp-block-paragraph\">+420 724 166 004<\/p>\n<\/div>\n            <\/li>\n                    <li class=\"\">\n\n                <div class=\"ratio ratio-1x1\">\n                    <img loading=\"lazy\" decoding=\"async\" width=\"460\" height=\"460\" src=\"https:\/\/www.wachal.cz\/wp-content\/uploads\/2025\/11\/Group-227.svg\" class=\"ikonaKontaktu\" alt=\"email\" \/>                <\/div>\n                <div class=\"textkontaktu\"><p class=\"wp-block-paragraph\">info@wachal.cz<\/p>\n<\/div>\n            <\/li>\n            <\/ul>\n\n\n\n<div style=\"height:20px\" aria-hidden=\"true\" class=\"wp-block-spacer\"><\/div>\n\n\n    <ul id=\"kontakty-block_a8856de857bed685a57990398f5f70cf\" class=\"kontakty\">\n                    <li class=\"\">\n\n                <div class=\"ratio ratio-1x1\">\n                    <img loading=\"lazy\" decoding=\"async\" width=\"460\" height=\"460\" src=\"https:\/\/www.wachal.cz\/wp-content\/uploads\/2025\/11\/Group-224.svg\" class=\"ikonaKontaktu\" alt=\"pin\" \/>                <\/div>\n                <div class=\"textkontaktu\"><p class=\"wp-block-paragraph\">Tylova 220\/17<br \/>\nKrom\u011b\u0159\u00ed\u017e<br \/>\n767 01<\/p>\n<\/div>\n            <\/li>\n                    <li class=\"\">\n\n                <div class=\"ratio ratio-1x1\">\n                    <img loading=\"lazy\" decoding=\"async\" width=\"307\" height=\"460\" src=\"https:\/\/www.wachal.cz\/wp-content\/uploads\/2025\/11\/ic.svg\" class=\"ikonaKontaktu\" alt=\"\" \/>                <\/div>\n                <div class=\"textkontaktu\"><p class=\"wp-block-paragraph\">25567225<\/p>\n<\/div>\n            <\/li>\n                    <li class=\"\">\n\n                <div class=\"ratio ratio-1x1\">\n                    <img loading=\"lazy\" decoding=\"async\" width=\"460\" height=\"383\" src=\"https:\/\/www.wachal.cz\/wp-content\/uploads\/2025\/11\/dic.svg\" class=\"ikonaKontaktu\" alt=\"\" \/>                <\/div>\n                <div class=\"textkontaktu\"><p class=\"wp-block-paragraph\">CZ25567225<\/p>\n<\/div>\n            <\/li>\n                    <li class=\"\">\n\n                <div class=\"ratio ratio-1x1\">\n                    <img loading=\"lazy\" decoding=\"async\" width=\"460\" height=\"280\" src=\"https:\/\/www.wachal.cz\/wp-content\/uploads\/2025\/11\/datovka.svg\" class=\"ikonaKontaktu\" alt=\"\" \/>                <\/div>\n                <div class=\"textkontaktu\"><p class=\"wp-block-paragraph\">j89tauv<\/p>\n<\/div>\n            <\/li>\n                    <li class=\"\">\n\n                <div class=\"ratio ratio-1x1\">\n                    <img loading=\"lazy\" decoding=\"async\" width=\"460\" height=\"434\" src=\"https:\/\/www.wachal.cz\/wp-content\/uploads\/2025\/11\/spisova-znacka.svg\" class=\"ikonaKontaktu\" alt=\"\" \/>                <\/div>\n                <div class=\"textkontaktu\"><p class=\"wp-block-paragraph\">KS Brno, odd\u00edl B, vlo\u017eka 2976<\/p>\n<\/div>\n            <\/li>\n            <\/ul>\n<\/div>\n\n\n\n<div class=\"wp-block-column is-vertically-aligned-center is-layout-flow wp-block-column-is-layout-flow\" style=\"flex-basis:56%\">\n<figure class=\"wp-block-image size-full\"><img loading=\"lazy\" decoding=\"async\" width=\"1734\" height=\"1117\" src=\"https:\/\/www.wachal.cz\/wp-content\/uploads\/2025\/11\/budova2.jpg\" alt=\"building\" class=\"wp-image-10123\" srcset=\"https:\/\/www.wachal.cz\/wp-content\/uploads\/2025\/11\/budova2.jpg 1734w, https:\/\/www.wachal.cz\/wp-content\/uploads\/2025\/11\/budova2-460x296.jpg 460w, https:\/\/www.wachal.cz\/wp-content\/uploads\/2025\/11\/budova2-1300x837.jpg 1300w, https:\/\/www.wachal.cz\/wp-content\/uploads\/2025\/11\/budova2-768x495.jpg 768w, https:\/\/www.wachal.cz\/wp-content\/uploads\/2025\/11\/budova2-1536x989.jpg 1536w\" sizes=\"auto, (max-width: 1734px) 100vw, 1734px\" \/><\/figure>\n<\/div>\n<\/div>\n<\/section>\n\n<figure class=\"wp-block-image alignfull size-full my-0 animZoom\" style=\"margin-top:0;margin-bottom:0\"><img loading=\"lazy\" decoding=\"async\" width=\"3856\" height=\"1162\" src=\"https:\/\/www.wachal.cz\/wp-content\/uploads\/2025\/12\/2_blok_Mapa.png\" alt=\"\" class=\"wp-image-10158\" srcset=\"https:\/\/www.wachal.cz\/wp-content\/uploads\/2025\/12\/2_blok_Mapa.png 3856w, https:\/\/www.wachal.cz\/wp-content\/uploads\/2025\/12\/2_blok_Mapa-460x139.png 460w, https:\/\/www.wachal.cz\/wp-content\/uploads\/2025\/12\/2_blok_Mapa-1300x392.png 1300w, https:\/\/www.wachal.cz\/wp-content\/uploads\/2025\/12\/2_blok_Mapa-768x231.png 768w, https:\/\/www.wachal.cz\/wp-content\/uploads\/2025\/12\/2_blok_Mapa-1536x463.png 1536w, https:\/\/www.wachal.cz\/wp-content\/uploads\/2025\/12\/2_blok_Mapa-2048x617.png 2048w\" sizes=\"auto, (max-width: 3856px) 100vw, 3856px\" \/><\/figure>\n\n<section class=\"wp-block-group is-layout-constrained wp-block-group-is-layout-constrained\">\n<div class=\"wp-block-columns is-layout-flex wp-container-core-columns-is-layout-28f84493 wp-block-columns-is-layout-flex\">\n<div class=\"wp-block-column is-layout-flow wp-block-column-is-layout-flow\">\n<div class=\"wp-block-group is-vertical is-content-justification-center is-layout-flex wp-container-core-group-is-layout-c9ee0c5a wp-block-group-is-layout-flex\">\n<h2 class=\"wp-block-heading has-text-align-center nazevKontaktu has-secondary-color has-text-color has-link-color wp-elements-f27a61c7b2d41a8da0f99ed96a8e9dc9\">Accounting<\/h2>\n\n\n\n<p class=\"has-text-align-center\" class=\"wp-block-paragraph\">+420 573 503 321<br\/>+420 606 706 167<\/p>\n<\/div>\n<\/div>\n\n\n\n<div class=\"wp-block-column is-layout-flow wp-block-column-is-layout-flow\">\n<div class=\"wp-block-group is-vertical is-content-justification-center is-layout-flex wp-container-core-group-is-layout-c9ee0c5a wp-block-group-is-layout-flex\">\n<h2 class=\"wp-block-heading has-text-align-center nazevKontaktu has-secondary-color has-text-color has-link-color wp-elements-2dfdaab175071c11e59afe397e7b079a\">Complaints<\/h2>\n\n\n\n<p class=\"wp-block-paragraph\">reklamace@wachal.cz<\/p>\n<\/div>\n<\/div>\n\n\n\n<div class=\"wp-block-column is-layout-flow wp-block-column-is-layout-flow\">\n<div class=\"wp-block-group is-vertical is-content-justification-center is-layout-flex wp-container-core-group-is-layout-c9ee0c5a wp-block-group-is-layout-flex\">\n<h2 class=\"wp-block-heading has-text-align-center nazevKontaktu has-secondary-color has-text-color has-link-color wp-elements-0431a5298319cde311439bdb13a897dd\">Billing<\/h2>\n\n\n\n<p class=\"wp-block-paragraph\">fakturace@wachal.cz<\/p>\n<\/div>\n<\/div>\n<\/div>\n<\/section>\n\n<section class=\"wp-block-group alignfull trioW trio50 is-layout-constrained wp-block-group-is-layout-constrained\">\n<div class=\"wp-block-columns sekce is-layout-flex wp-container-core-columns-is-layout-cf05694f wp-block-columns-is-layout-flex\">\n<div class=\"wp-block-column is-layout-flow wp-block-column-is-layout-flow\">    <ul id=\"kontakty-block_1889f6b29ffcc4ae8546ae772dffb892\" class=\"kontakty bg-yellow p-5\">\n                    <li class=\"\">\n\n                <div class=\"ratio ratio-1x1\">\n                                    <\/div>\n                <div class=\"textkontaktu\"><h3>Prag<\/h3>\n<\/div>\n            <\/li>\n                    <li class=\"\">\n\n                <div class=\"ratio ratio-1x1\">\n                    <img loading=\"lazy\" decoding=\"async\" width=\"460\" height=\"460\" src=\"https:\/\/www.wachal.cz\/wp-content\/uploads\/2025\/11\/Group-224.svg\" class=\"ikonaKontaktu\" alt=\"pin\" \/>                <\/div>\n                <div class=\"textkontaktu\"><p class=\"wp-block-paragraph\">Kozom\u00ednsk\u00e1 646\/6, Prague 8 \u2013 Doln\u00ed Chabry, 184 00<\/p>\n<\/div>\n            <\/li>\n                    <li class=\"\">\n\n                <div class=\"ratio ratio-1x1\">\n                    <img loading=\"lazy\" decoding=\"async\" width=\"460\" height=\"460\" src=\"https:\/\/www.wachal.cz\/wp-content\/uploads\/2025\/11\/Group-225.svg\" class=\"ikonaKontaktu\" alt=\"osoba\" \/>                <\/div>\n                <div class=\"textkontaktu\"><p class=\"wp-block-paragraph\"><strong>Petra Kurkov\u00e1<\/strong> &#8211; assistant<\/p>\n<\/div>\n            <\/li>\n                    <li class=\"\">\n\n                <div class=\"ratio ratio-1x1\">\n                    <img loading=\"lazy\" decoding=\"async\" width=\"460\" height=\"460\" src=\"https:\/\/www.wachal.cz\/wp-content\/uploads\/2025\/11\/Group-226.svg\" class=\"ikonaKontaktu\" alt=\"Telefon\" \/>                <\/div>\n                <div class=\"textkontaktu\"><p class=\"wp-block-paragraph\">+420 284 683 352<\/p>\n<\/div>\n            <\/li>\n                    <li class=\"\">\n\n                <div class=\"ratio ratio-1x1\">\n                    <img loading=\"lazy\" decoding=\"async\" width=\"460\" height=\"460\" src=\"https:\/\/www.wachal.cz\/wp-content\/uploads\/2025\/11\/Group-226.svg\" class=\"ikonaKontaktu\" alt=\"Telefon\" \/>                <\/div>\n                <div class=\"textkontaktu\"><p class=\"wp-block-paragraph\">+420 724 055 553<\/p>\n<\/div>\n            <\/li>\n                    <li class=\"\">\n\n                <div class=\"ratio ratio-1x1\">\n                    <img loading=\"lazy\" decoding=\"async\" width=\"460\" height=\"460\" src=\"https:\/\/www.wachal.cz\/wp-content\/uploads\/2025\/11\/Group-227.svg\" class=\"ikonaKontaktu\" alt=\"email\" \/>                <\/div>\n                <div class=\"textkontaktu\"><p class=\"wp-block-paragraph\">petra.kurkova@wachal.cz<\/p>\n<\/div>\n            <\/li>\n            <\/ul>\n\n\n    <ul id=\"kontakty-block_4db4d5a2af5540316ff45a2a5daf3153\" class=\"kontakty bg-yellow p-5\">\n                    <li class=\"\">\n\n                <div class=\"ratio ratio-1x1\">\n                                    <\/div>\n                <div class=\"textkontaktu\"><h3>Ostrava<\/h3>\n<\/div>\n            <\/li>\n                    <li class=\"\">\n\n                <div class=\"ratio ratio-1x1\">\n                    <img loading=\"lazy\" decoding=\"async\" width=\"460\" height=\"460\" src=\"https:\/\/www.wachal.cz\/wp-content\/uploads\/2025\/11\/Group-224.svg\" class=\"ikonaKontaktu\" alt=\"pin\" \/>                <\/div>\n                <div class=\"textkontaktu\"><p class=\"wp-block-paragraph\">Kralick\u00e1 2104\/1, Ostrava, 709 00<\/p>\n<\/div>\n            <\/li>\n            <\/ul>\n<\/div>\n\n\n\n<div class=\"wp-block-column is-layout-flow wp-block-column-is-layout-flow\"><\/div>\n<\/div>\n<\/section>\n\n<section class=\"wp-block-group alignfull has-white-color has-secondary-background-color has-text-color has-background has-link-color wp-elements-e14e5b8945a130feaf73aa53652f4d51 is-layout-constrained wp-block-group-is-layout-constrained\" style=\"margin-top:0;margin-bottom:0\">\n<div class=\"wp-block-columns is-layout-flex wp-container-core-columns-is-layout-28f84493 wp-block-columns-is-layout-flex\">\n<div class=\"wp-block-column sekceTop is-layout-constrained wp-block-column-is-layout-constrained\">\n<h2 class=\"wp-block-heading has-text-align-left has-white-color has-text-color has-link-color wp-elements-8ef7ce7996e8293d817bd3deec985e7f\">Contact us<\/h2>\n\n\n\n<p class=\"has-text-align-left\" class=\"wp-block-paragraph\">Do you have questions or need more information?  <br\/>We are here for you! Feel free to contact us via email, <br\/>phone, or contact form. We are happy to assist you.  <\/p>\n\n\n\n<div style=\"height:20px\" aria-hidden=\"true\" class=\"wp-block-spacer\"><\/div>\n\n\n<div class='fluentform ff-default fluentform_wrapper_4  ff_guten_block ff_guten_block-4 ffs_default_wrap'><form data-form_id=\"4\" id=\"fluentform_4\" class=\"frm-fluent-form fluent_form_4 ff-el-form-top ff_form_instance_4_1 ff-form-loading ff_has_v3_recptcha ffs_default\" data-form_instance=\"ff_form_instance_4_1\" method=\"POST\" data-recptcha_key=\"6Ld8LiArAAAAAK3r1sFbPYd4eHla3NUfa0Nn_Yni\" ><fieldset  style=\"border: none!important;margin: 0!important;padding: 0!important;background-color: transparent!important;box-shadow: none!important;outline: none!important; min-inline-size: 100%;\">\n                    <legend class=\"ff_screen_reader_title\" style=\"display: block; margin: 0!important;padding: 0!important;height: 0!important;text-indent: -999999px;width: 0!important;overflow:hidden;\">Kontakt<\/legend>        <div\n                style=\"display: none!important; position: absolute!important; transform: translateX(1000%)!important;\"\n                class=\"ff-el-group ff-hpsf-container\"\n        >\n            <div class=\"ff-el-input--label asterisk-right\">\n                <label for=\"ff_4_item_sf\" aria-label=\"Newsletter\">\n                    Newsletter                <\/label>\n            <\/div>\n            <div class=\"ff-el-input--content\">\n                <input type=\"text\"\n                       name=\"item_4__fluent_sf\"\n                       class=\"ff-el-form-control\"\n                       id=\"ff_4_item_sf\"\n                \/>\n            <\/div>\n        <\/div>\n        <input type='hidden' name='__fluent_form_embded_post_id' value='8584' \/><input type=\"hidden\" id=\"_fluentform_4_fluentformnonce\" name=\"_fluentform_4_fluentformnonce\" value=\"63540832c7\" \/><input type=\"hidden\" name=\"_wp_http_referer\" value=\"\/en\/wp-json\/wp\/v2\/pages\/8584\" \/><div data-name=\"ff_cn_id_1\"  class='ff-t-container ff-column-container ff_columns_total_2 '><div class='ff-t-cell ff-t-column-1' style='flex-basis: 50%;'><div class='ff-el-group'><div class=\"ff-el-input--label asterisk-right\"><label for='ff_4_name' id='label_ff_4_name' >Full Name<\/label><\/div><div class='ff-el-input--content'><input type=\"text\" name=\"name\" class=\"ff-el-form-control\" data-name=\"name\" id=\"ff_4_name\"  aria-invalid=\"false\" aria-required=false><\/div><\/div><div class='ff-el-group'><div class=\"ff-el-input--label ff-el-is-required asterisk-right\"><label for='ff_4_email' id='label_ff_4_email' aria-label=\"E-mail\">E-mail<\/label><\/div><div class='ff-el-input--content'><input type=\"email\" name=\"email\" id=\"ff_4_email\" class=\"ff-el-form-control\" data-name=\"email\"  aria-invalid=\"false\" aria-required=true><\/div><\/div><div class='ff-el-group'><div class=\"ff-el-input--label ff-el-is-required asterisk-right\"><label for='ff_4_input_text' id='label_ff_4_input_text' aria-label=\"Phone\">Phone<\/label><\/div><div class='ff-el-input--content'><input type=\"text\" name=\"input_text\" class=\"ff-el-form-control\" data-name=\"input_text\" id=\"ff_4_input_text\"  aria-invalid=\"false\" aria-required=true><\/div><\/div><\/div><div class='ff-t-cell ff-t-column-2' style='flex-basis: 50%;'><div class='ff-el-group'><div class=\"ff-el-input--label asterisk-right\"><label for='ff_4_description' id='label_ff_4_description' aria-label=\"Message\">Message<\/label><\/div><div class='ff-el-input--content'><textarea aria-required=\"false\" aria-labelledby=\"label_ff_4_description\" name=\"description\" id=\"ff_4_description\" class=\"ff-el-form-control\" rows=\"3\" cols=\"2\" data-name=\"description\" ><\/textarea><\/div><\/div><\/div><\/div><div class='ff-el-group  mt-2  ff-el-input--content'><div class='ff-el-form-check ff-el-tc'><label aria-label='Terms and Conditions: I agree to the processing of personal data Contains 1 link. Use tab navigation to review.' class='ff-el-form-check-label ff_tc_label' for=terms-n-condition_13d8fb10d159d5a7c39e426f7b89feba><span class='ff_tc_checkbox'><input type=\"checkbox\" name=\"terms-n-condition\" class=\"ff-el-form-check-input\" data-name=\"terms-n-condition\" id=\"terms-n-condition_13d8fb10d159d5a7c39e426f7b89feba\"  value='on' aria-invalid='false' aria-required=false><\/span> <div class='ff_t_c'><p class=\"wp-block-paragraph\">I agree to the processing of <a href=\"#\">personal data<\/a><\/p><\/div><\/label><\/div><\/div><div class='ff-el-group ff-text-center ff_submit_btn_wrapper'><button type=\"submit\" class=\"ff-btn ff-btn-submit ff-btn-md btn btn-primary mt-4 ff_btn_no_style\"  aria-label=\"Send Message\">Send Message<\/button><\/div><\/fieldset><\/form><div id='fluentform_4_errors' class='ff-errors-in-stack ff_form_instance_4_1 ff-form-loading_errors ff_form_instance_4_1_errors'><\/div><\/div>            <script type=\"text\/javascript\">\n                window.fluent_form_ff_form_instance_4_1 = {\"id\":\"4\",\"settings\":{\"layout\":{\"labelPlacement\":\"top\",\"helpMessagePlacement\":\"with_label\",\"errorMessagePlacement\":\"inline\",\"asteriskPlacement\":\"asterisk-right\"},\"restrictions\":{\"denyEmptySubmission\":{\"enabled\":false}}},\"form_instance\":\"ff_form_instance_4_1\",\"form_id_selector\":\"fluentform_4\",\"rules\":{\"name\":{\"required\":{\"value\":false,\"message\":\"This field is required\",\"global\":false,\"global_message\":\"This field is required\"}},\"email\":{\"required\":{\"value\":true,\"message\":\"Email is required\",\"global\":false,\"global_message\":\"This field is required\"},\"email\":{\"value\":true,\"message\":\"Email is not in the correct format.\",\"global\":false,\"global_message\":\"This field must contain a valid email\"}},\"input_text\":{\"required\":{\"value\":true,\"message\":\"Phone is required\",\"global\":false,\"global_message\":\"This field is required\"}},\"description\":{\"required\":{\"value\":false,\"message\":\"This field is required\",\"global\":false,\"global_message\":\"This field is required\"}},\"terms-n-condition\":{\"required\":{\"value\":false,\"message\":\"This field is required\",\"global\":false,\"global_message\":\"This field is required\"}}},\"debounce_time\":300};\n                            <\/script>\n            <\/div>\n<\/div>\n<\/section>\n","protected":false},"excerpt":{"rendered":"<p>VW WACHAL a.s. Accounting +420 573 503 321+420 606 706 167 Complaints reklamace@wachal.cz Billing fakturace@wachal.cz Contact us Do you have&#8230;<\/p>\n","protected":false},"author":1,"featured_media":0,"parent":0,"menu_order":0,"comment_status":"closed","ping_status":"closed","template":"","meta":{"_acf_changed":false,"inline_featured_image":false,"footnotes":""},"class_list":["post-8584","page","type-page","status-publish","hentry"],"acf":[],"_links":{"self":[{"href":"https:\/\/www.wachal.cz\/en\/wp-json\/wp\/v2\/pages\/8584","targetHints":{"allow":["GET"]}}],"collection":[{"href":"https:\/\/www.wachal.cz\/en\/wp-json\/wp\/v2\/pages"}],"about":[{"href":"https:\/\/www.wachal.cz\/en\/wp-json\/wp\/v2\/types\/page"}],"author":[{"embeddable":true,"href":"https:\/\/www.wachal.cz\/en\/wp-json\/wp\/v2\/users\/1"}],"replies":[{"embeddable":true,"href":"https:\/\/www.wachal.cz\/en\/wp-json\/wp\/v2\/comments?post=8584"}],"version-history":[{"count":4,"href":"https:\/\/www.wachal.cz\/en\/wp-json\/wp\/v2\/pages\/8584\/revisions"}],"predecessor-version":[{"id":10285,"href":"https:\/\/www.wachal.cz\/en\/wp-json\/wp\/v2\/pages\/8584\/revisions\/10285"}],"wp:attachment":[{"href":"https:\/\/www.wachal.cz\/en\/wp-json\/wp\/v2\/media?parent=8584"}],"curies":[{"name":"wp","href":"https:\/\/api.w.org\/{rel}","templated":true}]}}