{"id":8586,"date":"2025-06-10T10:34:13","date_gmt":"2025-06-10T08:34:13","guid":{"rendered":"https:\/\/www.wachal.cz\/certifikaty-a-oceneni\/"},"modified":"2026-01-27T08:25:31","modified_gmt":"2026-01-27T07:25:31","slug":"certifikaty-a-oceneni","status":"publish","type":"page","link":"https:\/\/www.wachal.cz\/en\/certifikaty-a-oceneni\/","title":{"rendered":"Certificates and awards"},"content":{"rendered":"\n<section class=\"wp-block-group alignfull zluteW w50 is-layout-constrained wp-block-group-is-layout-constrained\" style=\"margin-top:0;margin-bottom:0\">\n<div class=\"wp-block-columns is-layout-flex wp-container-core-columns-is-layout-28f84493 wp-block-columns-is-layout-flex\">\n<div class=\"wp-block-column is-layout-flow wp-block-column-is-layout-flow\" style=\"flex-basis:75%\">\n<h1 class=\"wp-block-heading h2\">Certificates<\/h1>\n\n\n\n<p class=\"wp-block-paragraph\">Hard work brings quality results. Quality results create satisfied customers. That&#8217;s why a satisfied customer is the best advertisement we could wish for. Of course, we are also pleased when our work is also appreciated by professional experts, associations and professional associations. In more than twenty years on the market, we have been recognized many times for the quality of our buildings.<\/p>\n<\/div>\n<\/div>\n<\/section>\n<div id=\"kontakty-block_e8599efad52c181d1eea7e6ed05fa1b8\" class=\"certifikaty mt-5 row g-4\"><div class=\"col-lg-3 col-md-4 col-sm-6\"><div class=\"boxCertifikatu animZoomFast\"><div class=\"nazevPDF\"><a href=\"https:\/\/www.wachal.cz\/wp-content\/uploads\/2024\/12\/0090b4b3-296e-4054-af07-1325d24e1d25.pdf\" class=\"glightboxPDF\" data-gallery=\"kontakty-block_e8599efad52c181d1eea7e6ed05fa1b8\"><strong>Gold certificate ISO 9001:2016, 14001:2016, 45001:2018<\/strong><\/a><\/div><div class=\"platnostPDF\">Validity until: 06\/2027<\/div><\/div><\/div><div class=\"col-lg-3 col-md-4 col-sm-6\"><div class=\"boxCertifikatu animZoomFast\"><div class=\"nazevPDF\"><a href=\"https:\/\/www.wachal.cz\/wp-content\/uploads\/2024\/12\/6813e3b6-1ab0-42c3-a654-0b661c2ac966.pdf\" class=\"glightboxPDF\" data-gallery=\"kontakty-block_e8599efad52c181d1eea7e6ed05fa1b8\"><strong>ISO 45001:2018<\/strong><\/a><\/div><div class=\"platnostPDF\">Validity until: 06\/2027<\/div><\/div><\/div><div class=\"col-lg-3 col-md-4 col-sm-6\"><div class=\"boxCertifikatu animZoomFast\"><div class=\"nazevPDF\"><a href=\"https:\/\/www.wachal.cz\/wp-content\/uploads\/2024\/12\/b01c3fb2-5af9-4ea6-a623-efba41d5c84f-1.pdf\" class=\"glightboxPDF\" data-gallery=\"kontakty-block_e8599efad52c181d1eea7e6ed05fa1b8\"><strong>ISO 14001:2016<\/strong><\/a><\/div><div class=\"platnostPDF\">Validity until: 06\/2027<\/div><\/div><\/div><div class=\"col-lg-3 col-md-4 col-sm-6\"><div class=\"boxCertifikatu animZoomFast\"><div class=\"nazevPDF\"><a href=\"https:\/\/www.wachal.cz\/wp-content\/uploads\/2024\/12\/235d3497-9976-4a9e-b5c9-9dd9fe48245b-1.pdf\" class=\"glightboxPDF\" data-gallery=\"kontakty-block_e8599efad52c181d1eea7e6ed05fa1b8\"><strong>ISO 9001:2016<\/strong><\/a><\/div><div class=\"platnostPDF\">Validity until: 06\/2027<\/div><\/div><\/div><div class=\"col-lg-3 col-md-4 col-sm-6\"><div class=\"boxCertifikatu animZoomFast\"><div class=\"nazevPDF\"><a href=\"https:\/\/www.wachal.cz\/wp-content\/uploads\/2026\/01\/59a7cb78-b58f-45fa-8b35-b9a4ff499742.pdf\" class=\"glightboxPDF\" data-gallery=\"kontakty-block_e8599efad52c181d1eea7e6ed05fa1b8\"><strong>ETICS contractor&#8217;s certificate<\/strong><\/a><\/div><div class=\"platnostPDF\">Validity until: 8\/2028<\/div><\/div><\/div><div class=\"col-lg-3 col-md-4 col-sm-6\"><div class=\"boxCertifikatu animZoomFast\"><div class=\"nazevPDF\"><a href=\"https:\/\/www.wachal.cz\/wp-content\/uploads\/2026\/01\/2397b62c-2651-47a6-a441-aa196c9f3bdb.pdf\" class=\"glightboxPDF\" data-gallery=\"kontakty-block_e8599efad52c181d1eea7e6ed05fa1b8\"><strong>Certificate of professional competence for design and implementation of the installation of windows and external doors in the building<\/strong><\/a><\/div><div class=\"platnostPDF\">Validity until: 12\/2028<\/div><\/div><\/div><div class=\"col-lg-3 col-md-4 col-sm-6\"><div class=\"boxCertifikatu animZoomFast\"><div class=\"nazevPDF\"><a href=\"https:\/\/www.wachal.cz\/wp-content\/uploads\/2024\/12\/6a0970f4-a43c-4514-a5bb-314f57d9000e.pdf\" class=\"glightboxPDF\" data-gallery=\"kontakty-block_e8599efad52c181d1eea7e6ed05fa1b8\"><strong>ETICS contractor&#8217;s certificate<\/strong><\/a><\/div><div class=\"platnostPDF\">Validity until: 08\/2025<\/div><\/div><\/div><div class=\"col-lg-3 col-md-4 col-sm-6\"><div class=\"boxCertifikatu animZoomFast\"><div class=\"nazevPDF\"><a href=\"https:\/\/www.wachal.cz\/wp-content\/uploads\/2026\/01\/nbu_osvedceni_nbu_162176.pdf\" class=\"glightboxPDF\" data-gallery=\"kontakty-block_e8599efad52c181d1eea7e6ed05fa1b8\"><strong>NSA: Confidential<\/strong><\/a><\/div><div class=\"platnostPDF\">Validity until: 09\/2035<\/div><\/div><\/div><div class=\"col-lg-3 col-md-4 col-sm-6\"><div class=\"boxCertifikatu animZoomFast\"><div class=\"nazevPDF\"><a href=\"https:\/\/www.wachal.cz\/wp-content\/uploads\/2024\/12\/30665b12-0690-44c9-b1ed-9ae445f8d3c6.pdf\" class=\"glightboxPDF\" data-gallery=\"kontakty-block_e8599efad52c181d1eea7e6ed05fa1b8\"><strong>NSA: Information system<\/strong><\/a><\/div><div class=\"platnostPDF\">Validity until: 06\/2026<\/div><\/div><\/div><div class=\"col-lg-3 col-md-4 col-sm-6\"><div class=\"boxCertifikatu animZoomFast\"><div class=\"nazevPDF\"><a href=\"https:\/\/www.wachal.cz\/wp-content\/uploads\/2024\/12\/aa942bd2-7b53-41be-9008-acd4db64ad73.pdf\" class=\"glightboxPDF\" data-gallery=\"kontakty-block_e8599efad52c181d1eea7e6ed05fa1b8\"><strong>ISO GDPR<\/strong><\/a><\/div><\/div><\/div><div class=\"col-lg-3 col-md-4 col-sm-6\"><div class=\"boxCertifikatu animZoomFast\"><div class=\"nazevPDF\"><a href=\"https:\/\/www.wachal.cz\/wp-content\/uploads\/2024\/12\/ee7f95cd-28a7-4f36-8f64-d4d7a6c01b3b.pdf\" class=\"glightboxPDF\" data-gallery=\"kontakty-block_e8599efad52c181d1eea7e6ed05fa1b8\"><strong>Integrated management system policy<\/strong><\/a><\/div><\/div><\/div><\/div>\n<div style=\"height:120px\" aria-hidden=\"true\" class=\"wp-block-spacer\"><\/div>\n\n<section class=\"wp-block-group alignfull has-yellow-background-color has-background is-layout-constrained wp-block-group-is-layout-constrained\" style=\"margin-top:0;margin-bottom:0\">\n<div class=\"wp-block-columns is-layout-flex wp-container-core-columns-is-layout-28f84493 wp-block-columns-is-layout-flex\">\n<div class=\"wp-block-column is-layout-flow wp-block-column-is-layout-flow\" style=\"flex-basis:75%\">\n<h2 class=\"wp-block-heading\">Awards<\/h2>\n\n\n\n<p class=\"wp-block-paragraph\">We hold the necessary certificates and certifications that officially authorize us to carry out a wide range of construction activities. You can view them below.<\/p>\n\n\n\n<p class=\"wp-block-paragraph\">Also, explore the most interesting results of our construction projects, and if you have any questions or require any advice, please contact us.<\/p>\n<\/div>\n<\/div>\n\n\n<div id=\"kontakty-block_e1a375323cfe8c3605412916e881f464\" class=\"certifikaty mt-5 row g-4\"><div class=\"col-lg-3 col-md-4 col-sm-6\"><div class=\"boxCertifikatu animZoomFast\"><div class=\"nazevPDF\"><a href=\"https:\/\/www.wachal.cz\/wp-content\/uploads\/2025\/11\/Zachranna-stanice-pro-volne-zijici-zivocichy_Diplom.pdf\" class=\"glightboxPDF\" data-gallery=\"kontakty-block_e1a375323cfe8c3605412916e881f464\"><strong>Construction of the Year 2025: Wildlife Rescue Station, Prague \u2013 Jinonice<\/strong><\/a><\/div><\/div><\/div><div class=\"col-lg-3 col-md-4 col-sm-6\"><div class=\"boxCertifikatu animZoomFast\"><div class=\"nazevPDF\"><a href=\"https:\/\/www.wachal.cz\/wp-content\/uploads\/2025\/06\/3617_001.pdf\" class=\"glightboxPDF\" data-gallery=\"kontakty-block_e1a375323cfe8c3605412916e881f464\"><strong>Construction of the Year 2025: D\u011b\u010d\u00edn Hospital \u2013 Emergency Pavilion<\/strong><\/a><\/div><\/div><\/div><div class=\"col-lg-3 col-md-4 col-sm-6\"><div class=\"boxCertifikatu animZoomFast\"><div class=\"nazevPDF\"><a href=\"https:\/\/www.wachal.cz\/wp-content\/uploads\/2025\/06\/3619_001.pdf\" class=\"glightboxPDF\" data-gallery=\"kontakty-block_e1a375323cfe8c3605412916e881f464\"><strong>Construction of the Year 2025: UPOL Archive, Olomouc<\/strong><\/a><\/div><\/div><\/div><div class=\"col-lg-3 col-md-4 col-sm-6\"><div class=\"boxCertifikatu animZoomFast\"><div class=\"nazevPDF\"><a href=\"https:\/\/www.wachal.cz\/wp-content\/uploads\/2025\/06\/3421_001-1-1.pdf\" class=\"glightboxPDF\" data-gallery=\"kontakty-block_e1a375323cfe8c3605412916e881f464\"><strong>Construction of the Year 2024: UPOL Science and Technology Park, Block D \u2013 Phase 1 <\/strong><\/a><\/div><\/div><\/div><div class=\"col-lg-3 col-md-4 col-sm-6\"><div class=\"boxCertifikatu animZoomFast\"><div class=\"nazevPDF\"><a href=\"https:\/\/www.wachal.cz\/wp-content\/uploads\/2024\/12\/ff66464b-fd71-471c-b076-0fc179a7c3e1.pdf\" class=\"glightboxPDF\" data-gallery=\"kontakty-block_e1a375323cfe8c3605412916e881f464\"><strong>Stavba roku 2023: Polyfunk\u010dn\u00ed d\u016fm A nad parkovi\u0161t\u011bm v Orlov\u00e9 &#8211; Lutyni<\/strong><\/a><\/div><\/div><\/div><div class=\"col-lg-3 col-md-4 col-sm-6\"><div class=\"boxCertifikatu animZoomFast\"><div class=\"nazevPDF\"><a href=\"https:\/\/www.wachal.cz\/wp-content\/uploads\/2024\/12\/8c5c2526-976d-46b3-8601-7604024efa1a.pdf\" class=\"glightboxPDF\" data-gallery=\"kontakty-block_e1a375323cfe8c3605412916e881f464\"><strong>Stavba roku 2024: Polyfunk\u010dn\u00ed are\u00e1l Havl\u00ed\u010dkova, Krom\u011b\u0159\u00ed\u017e<\/strong><\/a><\/div><\/div><\/div><div class=\"col-lg-3 col-md-4 col-sm-6\"><div class=\"boxCertifikatu animZoomFast\"><div class=\"nazevPDF\"><a href=\"https:\/\/www.wachal.cz\/wp-content\/uploads\/2024\/12\/11af3faf-17dc-4d04-8e3c-e108cc593fdc.pdf\" class=\"glightboxPDF\" data-gallery=\"kontakty-block_e1a375323cfe8c3605412916e881f464\"><strong>Stavba roku 2024: Centr\u00e1ln\u00ed hasi\u010dsk\u00e1 stanice Nov\u00fd Ji\u010d\u00edn<\/strong><\/a><\/div><\/div><\/div><div class=\"col-lg-3 col-md-4 col-sm-6\"><div class=\"boxCertifikatu animZoomFast\"><div class=\"nazevPDF\"><a href=\"https:\/\/www.wachal.cz\/wp-content\/uploads\/2024\/12\/56f48c97-510a-4644-9545-82f67dc6a0a4.pdf\" class=\"glightboxPDF\" data-gallery=\"kontakty-block_e1a375323cfe8c3605412916e881f464\"><strong>Stavba roku 2024: Bytov\u00fd d\u016fm Havl\u00ed\u010dkova 1, Krom\u011b\u0159\u00ed\u017e<\/strong><\/a><\/div><\/div><\/div><div class=\"col-lg-3 col-md-4 col-sm-6\"><div class=\"boxCertifikatu animZoomFast\"><div class=\"nazevPDF\"><a href=\"https:\/\/www.wachal.cz\/wp-content\/uploads\/2024\/12\/e89f5d14-0379-409b-8cf0-1aae98de7a86.pdf\" class=\"glightboxPDF\" data-gallery=\"kontakty-block_e1a375323cfe8c3605412916e881f464\"><strong>Stavba roku 2024: Nov\u00fd depozit\u00e1\u0159 ve Fren\u0161t\u00e1t\u011b pod Radho\u0161t\u011bm pro Vala\u0161sk\u00e9 muzeum v p\u0159\u00edrod\u011b<\/strong><\/a><\/div><\/div><\/div><div class=\"col-lg-3 col-md-4 col-sm-6\"><div class=\"boxCertifikatu animZoomFast\"><div class=\"nazevPDF\"><a href=\"https:\/\/www.wachal.cz\/wp-content\/uploads\/2024\/12\/Cestne-uznani-poroty-1.pdf\" class=\"glightboxPDF\" data-gallery=\"kontakty-block_e1a375323cfe8c3605412916e881f464\"><strong>Stavba roku 2023: Z\u00e1kladn\u00ed \u0161kola a Praktick\u00e1 \u0161kola SV\u00cdT\u00c1N\u00cd, o.p.s.<\/strong><\/a><\/div><\/div><\/div><div class=\"col-lg-3 col-md-4 col-sm-6\"><div class=\"boxCertifikatu animZoomFast\"><div class=\"nazevPDF\"><a href=\"https:\/\/www.wachal.cz\/wp-content\/uploads\/2024\/12\/00d8de12-d878-41f0-87f2-2596dd021d09.pdf\" class=\"glightboxPDF\" data-gallery=\"kontakty-block_e1a375323cfe8c3605412916e881f464\"><strong>Stavba roku 2023: Z\u00e1kladn\u00ed \u0161kola a Praktick\u00e1 \u0161kola SV\u00cdT\u00c1N\u00cd, o.p.s.<\/strong><\/a><\/div><\/div><\/div><div class=\"col-lg-3 col-md-4 col-sm-6\"><div class=\"boxCertifikatu animZoomFast\"><div class=\"nazevPDF\"><a href=\"https:\/\/www.wachal.cz\/wp-content\/uploads\/2024\/12\/9c7c6c54-0e6e-4f4c-9118-a9eb5b17aa2b.pdf\" class=\"glightboxPDF\" data-gallery=\"kontakty-block_e1a375323cfe8c3605412916e881f464\"><strong>Stavba roku 2021: UJEP &#8211; RESTAV &#8211; Fakulta strojn\u00edho in\u017een\u00fdrstv\u00ed &#8211; CEMMTECH<\/strong><\/a><\/div><\/div><\/div><div class=\"col-lg-3 col-md-4 col-sm-6\"><div class=\"boxCertifikatu animZoomFast\"><div class=\"nazevPDF\"><a href=\"https:\/\/www.wachal.cz\/wp-content\/uploads\/2024\/12\/830bf5d2-8aa5-4334-839c-ed2209f52c78.pdf\" class=\"glightboxPDF\" data-gallery=\"kontakty-block_e1a375323cfe8c3605412916e881f464\"><strong>Stavba roku 2021: Rekonstrukce objekt\u016f v are\u00e1lu Bratislavsk\u00e9ho hradu<\/strong><\/a><\/div><\/div><\/div><div class=\"col-lg-3 col-md-4 col-sm-6\"><div class=\"boxCertifikatu animZoomFast\"><div class=\"nazevPDF\"><a href=\"https:\/\/www.wachal.cz\/wp-content\/uploads\/2024\/12\/a90d61e0-6fc7-45f7-9794-34192fff7244.pdf\" class=\"glightboxPDF\" data-gallery=\"kontakty-block_e1a375323cfe8c3605412916e881f464\"><strong>Vodafone Firma roku 2020 Zl\u00ednsk\u00e9ho kraje<\/strong><\/a><\/div><\/div><\/div><div class=\"col-lg-3 col-md-4 col-sm-6\"><div class=\"boxCertifikatu animZoomFast\"><div class=\"nazevPDF\"><a href=\"https:\/\/www.wachal.cz\/wp-content\/uploads\/2024\/12\/7029e841-7419-4130-9be4-fa2a40992c46.pdf\" class=\"glightboxPDF\" data-gallery=\"kontakty-block_e1a375323cfe8c3605412916e881f464\"><strong>Stavba roku 2019: Rekonstrukce m\u011bstsk\u00e9ho plaveck\u00e9ho baz\u00e9nu Rakovn\u00edk<\/strong><\/a><\/div><\/div><\/div><div class=\"col-lg-3 col-md-4 col-sm-6\"><div class=\"boxCertifikatu animZoomFast\"><div class=\"nazevPDF\"><a href=\"https:\/\/www.wachal.cz\/wp-content\/uploads\/2024\/12\/94733156-7148-42a7-baeb-01c32954be95.pdf\" class=\"glightboxPDF\" data-gallery=\"kontakty-block_e1a375323cfe8c3605412916e881f464\"><strong>Stavba roku 2019: Depozit\u00e1\u0159 pro V\u00fdchodo\u010desk\u00e9 muzeum Ohrazenice<\/strong><\/a><\/div><\/div><\/div><div class=\"col-lg-3 col-md-4 col-sm-6\"><div class=\"boxCertifikatu animZoomFast\"><div class=\"nazevPDF\"><a href=\"https:\/\/www.wachal.cz\/wp-content\/uploads\/2024\/12\/0d255e66-f3cc-44ce-ac23-7c702f3c1baa.pdf\" class=\"glightboxPDF\" data-gallery=\"kontakty-block_e1a375323cfe8c3605412916e881f464\"><strong>Stavba roku 2018: Rekonstrukce ZU\u0160 Uhersk\u00e9 Hradi\u0161t\u011b<\/strong><\/a><\/div><\/div><\/div><div class=\"col-lg-3 col-md-4 col-sm-6\"><div class=\"boxCertifikatu animZoomFast\"><div class=\"nazevPDF\"><a href=\"https:\/\/www.wachal.cz\/wp-content\/uploads\/2024\/12\/d5f29a54-894c-4050-b98b-9695abbede00.pdf\" class=\"glightboxPDF\" data-gallery=\"kontakty-block_e1a375323cfe8c3605412916e881f464\"><strong>P\u0159em\u011bna odpad\u016f na zdroje<\/strong><\/a><\/div><\/div><\/div><div class=\"col-lg-3 col-md-4 col-sm-6\"><div class=\"boxCertifikatu animZoomFast\"><div class=\"nazevPDF\"><a href=\"https:\/\/www.wachal.cz\/wp-content\/uploads\/2024\/12\/32c6ec26-6dc2-4cc9-a967-67d9e0cadcfb.pdf\" class=\"glightboxPDF\" data-gallery=\"kontakty-block_e1a375323cfe8c3605412916e881f464\"><strong>Stavba roku 2017: Obecn\u00ed \u00fa\u0159ad Ostro\u017esk\u00e1 Nov\u00e1 Ves<\/strong><\/a><\/div><\/div><\/div><div class=\"col-lg-3 col-md-4 col-sm-6\"><div class=\"boxCertifikatu animZoomFast\"><div class=\"nazevPDF\"><a href=\"https:\/\/www.wachal.cz\/wp-content\/uploads\/2024\/12\/cb72ff73-1728-4848-be8e-89e9f3c6a631.pdf\" class=\"glightboxPDF\" data-gallery=\"kontakty-block_e1a375323cfe8c3605412916e881f464\"><strong>Stavba roku 2016: Surf Ar\u00e9na Praha<\/strong><\/a><\/div><\/div><\/div><div class=\"col-lg-3 col-md-4 col-sm-6\"><div class=\"boxCertifikatu animZoomFast\"><div class=\"nazevPDF\"><a href=\"https:\/\/www.wachal.cz\/wp-content\/uploads\/2024\/12\/9f34f820-3a70-4ff1-9aac-a9ce5c4f0665.pdf\" class=\"glightboxPDF\" data-gallery=\"kontakty-block_e1a375323cfe8c3605412916e881f464\"><strong>Stavba roku 2016: Pevnost pozn\u00e1n\u00ed Olomouc<\/strong><\/a><\/div><\/div><\/div><div class=\"col-lg-3 col-md-4 col-sm-6\"><div class=\"boxCertifikatu animZoomFast\"><div class=\"nazevPDF\"><a href=\"https:\/\/www.wachal.cz\/wp-content\/uploads\/2024\/12\/fe75c871-4ee4-4d9e-a72a-20511e46fffd.pdf\" class=\"glightboxPDF\" data-gallery=\"kontakty-block_e1a375323cfe8c3605412916e881f464\"><strong>Stavba roku 2016: KCK Cyklosport Otrokovice<\/strong><\/a><\/div><\/div><\/div><div class=\"col-lg-3 col-md-4 col-sm-6\"><div class=\"boxCertifikatu animZoomFast\"><div class=\"nazevPDF\"><a href=\"https:\/\/www.wachal.cz\/wp-content\/uploads\/2024\/12\/f9aef667-624f-4247-946f-e13722ed512c.pdf\" class=\"glightboxPDF\" data-gallery=\"kontakty-block_e1a375323cfe8c3605412916e881f464\"><strong>Stavba roku 2015: DPS Seniorpark Vala\u0161sk\u00e9 Mezi\u0159\u00ed\u010d\u00ed<\/strong><\/a><\/div><\/div><\/div><div class=\"col-lg-3 col-md-4 col-sm-6\"><div class=\"boxCertifikatu animZoomFast\"><div class=\"nazevPDF\"><a href=\"https:\/\/www.wachal.cz\/wp-content\/uploads\/2024\/12\/1d4a8fa1-7dcd-4061-8b0e-f431ec655917.pdf\" class=\"glightboxPDF\" data-gallery=\"kontakty-block_e1a375323cfe8c3605412916e881f464\"><strong>Stavba roku 2014: Kv\u011btn\u00e1 zahrada Krom\u011b\u0159\u00ed\u017e<\/strong><\/a><\/div><\/div><\/div><div class=\"col-lg-3 col-md-4 col-sm-6\"><div class=\"boxCertifikatu animZoomFast\"><div class=\"nazevPDF\"><a href=\"https:\/\/www.wachal.cz\/wp-content\/uploads\/2024\/12\/ea74db81-7be8-4a26-9baa-998fdc9657cf.pdf\" class=\"glightboxPDF\" data-gallery=\"kontakty-block_e1a375323cfe8c3605412916e881f464\"><strong>Stavba roku 2011: Pra\u017esk\u00e1 konzervato\u0159<\/strong><\/a><\/div><\/div><\/div><div class=\"col-lg-3 col-md-4 col-sm-6\"><div class=\"boxCertifikatu animZoomFast\"><div class=\"nazevPDF\"><a href=\"https:\/\/www.wachal.cz\/wp-content\/uploads\/2024\/12\/b53a8aa2-f884-4a92-ab42-b516e5b25084.pdf\" class=\"glightboxPDF\" data-gallery=\"kontakty-block_e1a375323cfe8c3605412916e881f464\"><strong>Stavba roku 2009: OWI Technologick\u00e9 centrum P\u0159erov<\/strong><\/a><\/div><\/div><\/div><div class=\"col-lg-3 col-md-4 col-sm-6\"><div class=\"boxCertifikatu animZoomFast\"><div class=\"nazevPDF\"><a href=\"https:\/\/www.wachal.cz\/wp-content\/uploads\/2024\/12\/6c5cb05e-f34c-4689-9146-a7f63cb014ce.pdf\" class=\"glightboxPDF\" data-gallery=\"kontakty-block_e1a375323cfe8c3605412916e881f464\"><strong>Stavba roku 2008: Univerzitn\u00ed centrum Zl\u00edn<\/strong><\/a><\/div><\/div><\/div><div class=\"col-lg-3 col-md-4 col-sm-6\"><div class=\"boxCertifikatu animZoomFast\"><div class=\"nazevPDF\"><a href=\"https:\/\/www.wachal.cz\/wp-content\/uploads\/2024\/12\/6c08958a-5852-40f1-a43c-12f110348f60.pdf\" class=\"glightboxPDF\" data-gallery=\"kontakty-block_e1a375323cfe8c3605412916e881f464\"><strong>Stavba roku 2008: Fabrika Svitavy<\/strong><\/a><\/div><\/div><\/div><\/div><\/section>\n","protected":false},"excerpt":{"rendered":"<p>Certificates Hard work brings quality results. Quality results create satisfied customers. That&#8217;s why a satisfied customer is the best advertisement&#8230;<\/p>\n","protected":false},"author":1,"featured_media":0,"parent":0,"menu_order":0,"comment_status":"closed","ping_status":"closed","template":"","meta":{"_acf_changed":false,"inline_featured_image":false,"footnotes":""},"class_list":["post-8586","page","type-page","status-publish","hentry"],"acf":[],"_links":{"self":[{"href":"https:\/\/www.wachal.cz\/en\/wp-json\/wp\/v2\/pages\/8586","targetHints":{"allow":["GET"]}}],"collection":[{"href":"https:\/\/www.wachal.cz\/en\/wp-json\/wp\/v2\/pages"}],"about":[{"href":"https:\/\/www.wachal.cz\/en\/wp-json\/wp\/v2\/types\/page"}],"author":[{"embeddable":true,"href":"https:\/\/www.wachal.cz\/en\/wp-json\/wp\/v2\/users\/1"}],"replies":[{"embeddable":true,"href":"https:\/\/www.wachal.cz\/en\/wp-json\/wp\/v2\/comments?post=8586"}],"version-history":[{"count":8,"href":"https:\/\/www.wachal.cz\/en\/wp-json\/wp\/v2\/pages\/8586\/revisions"}],"predecessor-version":[{"id":10252,"href":"https:\/\/www.wachal.cz\/en\/wp-json\/wp\/v2\/pages\/8586\/revisions\/10252"}],"wp:attachment":[{"href":"https:\/\/www.wachal.cz\/en\/wp-json\/wp\/v2\/media?parent=8586"}],"curies":[{"name":"wp","href":"https:\/\/api.w.org\/{rel}","templated":true}]}}