{"id":8598,"date":"2018-01-27T13:09:22","date_gmt":"2018-01-27T12:09:22","guid":{"rendered":"https:\/\/www.wachal.cz\/home\/"},"modified":"2025-12-08T15:06:24","modified_gmt":"2025-12-08T14:06:24","slug":"home","status":"publish","type":"page","link":"https:\/\/www.wachal.cz\/en\/","title":{"rendered":"Home"},"content":{"rendered":"\n<div class=\"wp-block-cover alignfull is-light hpFirst my-0\"><video class=\"wp-block-cover__video-background intrinsic-ignore\" autoplay muted loop playsinline src=\"https:\/\/www.wachal.cz\/wp-content\/uploads\/2024\/12\/20s_Video_Wachal.mp4\" data-object-fit=\"cover\"><\/video><span aria-hidden=\"true\" class=\"wp-block-cover__background has-background-dim-0 has-background-dim\" style=\"background-color:#89868b\"><\/span><div class=\"wp-block-cover__inner-container is-layout-constrained wp-block-cover-is-layout-constrained\">\n<p class=\"has-text-align-center has-large-font-size\" class=\"wp-block-paragraph\"><\/p>\n<\/div><\/div>\n\n<section class=\"wp-block-group alignfull trioW my-0 Wmobile100 is-layout-constrained wp-block-group-is-layout-constrained\">\n<div class=\"wp-block-columns sekceBottom is-layout-flex wp-container-core-columns-is-layout-f5a44f5b wp-block-columns-is-layout-flex\">\n<div class=\"wp-block-column is-vertically-aligned-bottom sloupecText is-layout-flow wp-block-column-is-layout-flow\" style=\"flex-basis:56%\">\n<h1 class=\"wp-block-heading h2\">We build, construct, renovate&#8230;<\/h1>\n\n\n\n<p class=\"wp-block-paragraph\">We are a purely Czech company and civil engineering is our whole life. We have a wealth of experience, a stable team of experts and our execution of renovations or new modern buildings is always absolutely precise. We deliver the finished work within short delivery times. Take a closer look at some of our projects. We take great care to take your wishes and ideas into account during the implementation, for which we then look for the best way of execution. Read more about our company and what we can do for you.     <\/p>\n\n\n\n<div class=\"wp-block-buttons is-layout-flex wp-block-buttons-is-layout-flex\">\n<div class=\"wp-block-button is-style-fill\"><a class=\"wp-block-button__link wp-element-button\" href=\"https:\/\/www.wachal.cz\/en\/o-spolecnosti\/\">More about Wachal<\/a><\/div>\n<\/div>\n<\/div>\n<\/div>\n<\/section>\n\n\n<div id=\"videoBlok-block_0544073a5d5ca10bec3422de121de553\" class=\"videoBlok my-0 bigVideoHp alignfull\">\n        <div class=\"row\">\n        <div class=\"col-12\">\n            <a href=\"https:\/\/youtu.be\/s7KmQ5S5C3g \" class=\"glightbox\" target=\"_blank\" rel=\"noopener\">            <div class=\"obalVidea w-100\">\n                <div class=\"ratio ratio-16x9\">\n                    <img loading=\"lazy\" decoding=\"async\" width=\"1300\" height=\"729\" src=\"https:\/\/www.wachal.cz\/wp-content\/uploads\/2025\/02\/video-cover-1300x729.jpg\" class=\"obrazekVidea object-fit-cover\" alt=\"\" srcset=\"https:\/\/www.wachal.cz\/wp-content\/uploads\/2025\/02\/video-cover-1300x729.jpg 1300w, https:\/\/www.wachal.cz\/wp-content\/uploads\/2025\/02\/video-cover-460x258.jpg 460w, https:\/\/www.wachal.cz\/wp-content\/uploads\/2025\/02\/video-cover-768x431.jpg 768w\" sizes=\"auto, (max-width: 1300px) 100vw, 1300px\" \/>                <\/div>\n\n                <div class=\"insetBox\"><div class=\"playVideo\"><\/div><div class=\"playText\">play video<\/div><\/div>\n\n\n            <\/div>\n            <\/a>        <\/div>\n    <\/div>\n<\/div>\n<section class=\"wp-block-group alignfull my-0 zluteW hpPracovat w75 has-white-color has-secondary-background-color has-text-color has-background has-link-color wp-elements-3481390a2ce0602862f013b0093e4872 is-layout-constrained wp-block-group-is-layout-constrained\">\n<div class=\"wp-block-columns sekceBottom is-layout-flex wp-container-core-columns-is-layout-f5a44f5b wp-block-columns-is-layout-flex\">\n<div class=\"wp-block-column is-vertically-aligned-center sloupecText is-layout-flow wp-block-column-is-layout-flow\" style=\"flex-basis:44%\">\n<h2 class=\"wp-block-heading has-white-color has-text-color has-link-color wp-elements-40a366554c3a87bd1baca1f8c235b4bc\">Do you want to work for us?<\/h2>\n\n\n\n<p class=\"wp-block-paragraph\">Thank you for your interest in working with us! To get to know you better, we would like to ask you to fill out a short form where you can elaborate on yourself, your experiences, and skills. Please attach your current CV to the form, which will help us gain a complete understanding of how you can contribute to our team.   <\/p>\n\n\n\n<div class=\"wp-block-buttons is-content-justification-left is-layout-flex wp-container-core-buttons-is-layout-fc4fd283 wp-block-buttons-is-layout-flex\">\n<div class=\"wp-block-button is-style-fill\"><a class=\"wp-block-button__link wp-element-button\" href=\"https:\/\/www.wachal.cz\/en\/careers\/\">I want a job<\/a><\/div>\n<\/div>\n<\/div>\n\n\n\n<div class=\"wp-block-column is-vertically-aligned-bottom sloupecObrazek is-layout-flow wp-block-column-is-layout-flow\" style=\"flex-basis:56%\">\n<figure class=\"wp-block-image size-large praceChlap\"><img loading=\"lazy\" decoding=\"async\" width=\"1300\" height=\"1063\" src=\"https:\/\/www.wachal.cz\/wp-content\/uploads\/2025\/12\/delnik-1300x1063.png\" alt=\"worker\" class=\"wp-image-10161\" srcset=\"https:\/\/www.wachal.cz\/wp-content\/uploads\/2025\/12\/delnik-1300x1063.png 1300w, https:\/\/www.wachal.cz\/wp-content\/uploads\/2025\/12\/delnik-460x376.png 460w, https:\/\/www.wachal.cz\/wp-content\/uploads\/2025\/12\/delnik-768x628.png 768w, https:\/\/www.wachal.cz\/wp-content\/uploads\/2025\/12\/delnik-1536x1256.png 1536w, https:\/\/www.wachal.cz\/wp-content\/uploads\/2025\/12\/delnik.png 1786w\" sizes=\"auto, (max-width: 1300px) 100vw, 1300px\" \/><\/figure>\n<\/div>\n<\/div>\n<\/section>\n\n    <div class=\"carousel-wrap\">\n        <div id=\"produktyCarouselblock_54d47ca1458c62e7825ef65becd25118\" class=\"owl-carousel owl-theme owlReference my-0 alignfull\">\n                            \n<article class=\"referenceBox referenceCarouselBox\">\n    <div class=\"referenceImgCover\">\n        <img loading=\"lazy\" decoding=\"async\" width=\"2560\" height=\"1440\" src=\"https:\/\/www.wachal.cz\/wp-content\/uploads\/2024\/11\/UO-Brno.jpg\" class=\"object-fit-cover wp-post-image\" alt=\"\" srcset=\"https:\/\/www.wachal.cz\/wp-content\/uploads\/2024\/11\/UO-Brno.jpg 2560w, https:\/\/www.wachal.cz\/wp-content\/uploads\/2024\/11\/UO-Brno-460x259.jpg 460w, https:\/\/www.wachal.cz\/wp-content\/uploads\/2024\/11\/UO-Brno-1300x731.jpg 1300w, https:\/\/www.wachal.cz\/wp-content\/uploads\/2024\/11\/UO-Brno-768x432.jpg 768w, https:\/\/www.wachal.cz\/wp-content\/uploads\/2024\/11\/UO-Brno-1536x864.jpg 1536w, https:\/\/www.wachal.cz\/wp-content\/uploads\/2024\/11\/UO-Brno-2048x1152.jpg 2048w\" sizes=\"auto, (max-width: 2560px) 100vw, 2560px\" \/>    <\/div>\n    <div class=\"container px-0\">\n        <div class=\"row\">\n            <div class=\"col-12 boxReference\">\n                <div class=\"row g-0\">\n                    <div class=\"col-xl-8 col-6  order-1\">\n\n                    <\/div>\n                    <div class=\"col-xl-4 col-6 boxReferenceSecondary text-white order-2\">\n                        <h2 class=\"h3\"><a class=\"text-white\" href=\"https:\/\/www.wachal.cz\/en\/references\/reconstruction-of-the-headquarters-of-the-university-of-defence-in-brno\/\">Reconstruction of the headquarters of the University of Defence in Brno<\/a><\/h2><p class=\"wp-block-paragraph\">During the reconstruction of the functionalist building of the University of Defence in Brno, we did our best to maintain as much as possible the original visio&#8230;<\/p>                        <a href=\"https:\/\/www.wachal.cz\/en\/references\/reconstruction-of-the-headquarters-of-the-university-of-defence-in-brno\/\" class=\"btn btn-secondary mt-3\">Reference details<\/a>\n                    <\/div>\n                <\/div>\n            <\/div>\n        <\/div>\n    <\/div>\n<\/article>\n                            \n<article class=\"referenceBox referenceCarouselBox\">\n    <div class=\"referenceImgCover\">\n        <img loading=\"lazy\" decoding=\"async\" width=\"2560\" height=\"1412\" src=\"https:\/\/www.wachal.cz\/wp-content\/uploads\/2024\/11\/IKEM.jpg\" class=\"object-fit-cover wp-post-image\" alt=\"\" srcset=\"https:\/\/www.wachal.cz\/wp-content\/uploads\/2024\/11\/IKEM.jpg 2560w, https:\/\/www.wachal.cz\/wp-content\/uploads\/2024\/11\/IKEM-460x254.jpg 460w, https:\/\/www.wachal.cz\/wp-content\/uploads\/2024\/11\/IKEM-1300x717.jpg 1300w, https:\/\/www.wachal.cz\/wp-content\/uploads\/2024\/11\/IKEM-768x424.jpg 768w, https:\/\/www.wachal.cz\/wp-content\/uploads\/2024\/11\/IKEM-1536x847.jpg 1536w, https:\/\/www.wachal.cz\/wp-content\/uploads\/2024\/11\/IKEM-2048x1130.jpg 2048w\" sizes=\"auto, (max-width: 2560px) 100vw, 2560px\" \/>    <\/div>\n    <div class=\"container px-0\">\n        <div class=\"row\">\n            <div class=\"col-12 boxReference\">\n                <div class=\"row g-0\">\n                    <div class=\"col-xl-8 col-6  order-2\">\n\n                    <\/div>\n                    <div class=\"col-xl-4 col-6 boxReferenceSecondary text-white order-1\">\n                        <h2 class=\"h3\"><a class=\"text-white\" href=\"https:\/\/www.wachal.cz\/en\/references\/ikem-reconstruction-of-the-operation-rooms-the-medical-staff-facilities-and-laboratories\/\">IKEM \u2013 reconstruction of the operation rooms, the medical staff facilities and laboratories<\/a><\/h2><p class=\"wp-block-paragraph\">The project of reconstructing the operation rooms at the Institute of Clinical and Experimental Medicine (or IKEM) in Prague was a challenging one. The construc&#8230;<\/p>                        <a href=\"https:\/\/www.wachal.cz\/en\/references\/ikem-reconstruction-of-the-operation-rooms-the-medical-staff-facilities-and-laboratories\/\" class=\"btn btn-secondary mt-3\">Reference details<\/a>\n                    <\/div>\n                <\/div>\n            <\/div>\n        <\/div>\n    <\/div>\n<\/article>\n                            \n<article class=\"referenceBox referenceCarouselBox\">\n    <div class=\"referenceImgCover\">\n        <img loading=\"lazy\" decoding=\"async\" width=\"2560\" height=\"1440\" src=\"https:\/\/www.wachal.cz\/wp-content\/uploads\/2024\/11\/Surf.jpg\" class=\"object-fit-cover wp-post-image\" alt=\"\" srcset=\"https:\/\/www.wachal.cz\/wp-content\/uploads\/2024\/11\/Surf.jpg 2560w, https:\/\/www.wachal.cz\/wp-content\/uploads\/2024\/11\/Surf-460x259.jpg 460w, https:\/\/www.wachal.cz\/wp-content\/uploads\/2024\/11\/Surf-1300x731.jpg 1300w, https:\/\/www.wachal.cz\/wp-content\/uploads\/2024\/11\/Surf-768x432.jpg 768w, https:\/\/www.wachal.cz\/wp-content\/uploads\/2024\/11\/Surf-1536x864.jpg 1536w, https:\/\/www.wachal.cz\/wp-content\/uploads\/2024\/11\/Surf-2048x1152.jpg 2048w\" sizes=\"auto, (max-width: 2560px) 100vw, 2560px\" \/>    <\/div>\n    <div class=\"container px-0\">\n        <div class=\"row\">\n            <div class=\"col-12 boxReference\">\n                <div class=\"row g-0\">\n                    <div class=\"col-xl-8 col-6  order-1\">\n\n                    <\/div>\n                    <div class=\"col-xl-4 col-6 boxReferenceSecondary text-white order-2\">\n                        <h2 class=\"h3\"><a class=\"text-white\" href=\"https:\/\/www.wachal.cz\/en\/references\/surf-arena-prague-letnany\/\">SURF ARENA &#8211; Prague (Let\u0148any)<\/a><\/h2><p class=\"wp-block-paragraph\">The first and at the same time the only indoor surfing facility in the country is located in Prague Let\u0148any. Surfing lovers, beginners or advanced, may enjoy t&#8230;<\/p>                        <a href=\"https:\/\/www.wachal.cz\/en\/references\/surf-arena-prague-letnany\/\" class=\"btn btn-secondary mt-3\">Reference details<\/a>\n                    <\/div>\n                <\/div>\n            <\/div>\n        <\/div>\n    <\/div>\n<\/article>\n                            \n<article class=\"referenceBox referenceCarouselBox\">\n    <div class=\"referenceImgCover\">\n        <img loading=\"lazy\" decoding=\"async\" width=\"2560\" height=\"1440\" src=\"https:\/\/www.wachal.cz\/wp-content\/uploads\/2024\/11\/KCK.jpg\" class=\"object-fit-cover wp-post-image\" alt=\"\" srcset=\"https:\/\/www.wachal.cz\/wp-content\/uploads\/2024\/11\/KCK.jpg 2560w, https:\/\/www.wachal.cz\/wp-content\/uploads\/2024\/11\/KCK-460x259.jpg 460w, https:\/\/www.wachal.cz\/wp-content\/uploads\/2024\/11\/KCK-1300x731.jpg 1300w, https:\/\/www.wachal.cz\/wp-content\/uploads\/2024\/11\/KCK-768x432.jpg 768w, https:\/\/www.wachal.cz\/wp-content\/uploads\/2024\/11\/KCK-1536x864.jpg 1536w, https:\/\/www.wachal.cz\/wp-content\/uploads\/2024\/11\/KCK-2048x1152.jpg 2048w\" sizes=\"auto, (max-width: 2560px) 100vw, 2560px\" \/>    <\/div>\n    <div class=\"container px-0\">\n        <div class=\"row\">\n            <div class=\"col-12 boxReference\">\n                <div class=\"row g-0\">\n                    <div class=\"col-xl-8 col-6  order-2\">\n\n                    <\/div>\n                    <div class=\"col-xl-4 col-6 boxReferenceSecondary text-white order-1\">\n                        <h2 class=\"h3\"><a class=\"text-white\" href=\"https:\/\/www.wachal.cz\/en\/references\/kck-cyklosport-mode-s-r-o\/\">KCK CYKLOSPORT &#8211; MODE s.r.o.<\/a><\/h2><p class=\"wp-block-paragraph\">The construction works in the KCK CYKLOSPORT &#8211; MODE s.r.o. were completed. We facilitated the construction of a new administrative building and of a warehouse.<\/p>                        <a href=\"https:\/\/www.wachal.cz\/en\/references\/kck-cyklosport-mode-s-r-o\/\" class=\"btn btn-secondary mt-3\">Reference details<\/a>\n                    <\/div>\n                <\/div>\n            <\/div>\n        <\/div>\n    <\/div>\n<\/article>\n                            \n<article class=\"referenceBox referenceCarouselBox\">\n    <div class=\"referenceImgCover\">\n        <img loading=\"lazy\" decoding=\"async\" width=\"2560\" height=\"1440\" src=\"https:\/\/www.wachal.cz\/wp-content\/uploads\/2024\/11\/UVN.jpg\" class=\"object-fit-cover wp-post-image\" alt=\"\" srcset=\"https:\/\/www.wachal.cz\/wp-content\/uploads\/2024\/11\/UVN.jpg 2560w, https:\/\/www.wachal.cz\/wp-content\/uploads\/2024\/11\/UVN-460x259.jpg 460w, https:\/\/www.wachal.cz\/wp-content\/uploads\/2024\/11\/UVN-1300x731.jpg 1300w, https:\/\/www.wachal.cz\/wp-content\/uploads\/2024\/11\/UVN-768x432.jpg 768w, https:\/\/www.wachal.cz\/wp-content\/uploads\/2024\/11\/UVN-1536x864.jpg 1536w, https:\/\/www.wachal.cz\/wp-content\/uploads\/2024\/11\/UVN-2048x1152.jpg 2048w\" sizes=\"auto, (max-width: 2560px) 100vw, 2560px\" \/>    <\/div>\n    <div class=\"container px-0\">\n        <div class=\"row\">\n            <div class=\"col-12 boxReference\">\n                <div class=\"row g-0\">\n                    <div class=\"col-xl-8 col-6  order-1\">\n\n                    <\/div>\n                    <div class=\"col-xl-4 col-6 boxReferenceSecondary text-white order-2\">\n                        <h2 class=\"h3\"><a class=\"text-white\" href=\"https:\/\/www.wachal.cz\/en\/references\/military-university-hospital-prague-the-pavilion-of-the-military-institute-of-forensic-medicine-and-of-pathology\/\">Military University Hospital Prague \u2013 the pavilion of the Military Institute of Forensic Medicine and of Pathology<\/a><\/h2><p class=\"wp-block-paragraph\">The pavilion of the Military University Hospital in Prague was designed to complement older building E. The new four-floor building is lower than the neighborin&#8230;<\/p>                        <a href=\"https:\/\/www.wachal.cz\/en\/references\/military-university-hospital-prague-the-pavilion-of-the-military-institute-of-forensic-medicine-and-of-pathology\/\" class=\"btn btn-secondary mt-3\">Reference details<\/a>\n                    <\/div>\n                <\/div>\n            <\/div>\n        <\/div>\n    <\/div>\n<\/article>\n                    <\/div>\n    <\/div>\n\n    \n\n<section class=\"wp-block-group alignfull bileNovinky my-0 has-primary-background-color has-background is-layout-constrained wp-block-group-is-layout-constrained\">\n\n    <div class=\"row g-5\">\n\n                    <div class=\"col-md-4 boxNovinky py-4\">\n    \n    <a href=\"https:\/\/www.wachal.cz\/en\/oprava-prasklin-v-betonove-prijezdove-ceste-udelejte-si-sami-jeste-pred-letnimi-horky\/\" aria-label=\"Oprava prasklin v betonov\u00e9 p\u0159\u00edjezdov\u00e9 cest\u011b: Ud\u011blejte si sami je\u0161t\u011b p\u0159ed letn\u00edmi horky\">\n        <div class=\"coverNovinky\">\n            <button class=\"btn btn-primary\">Read the article<\/button>\n            <div class=\"ratio ratio-1x1 mb-4\">\n                <img loading=\"lazy\" decoding=\"async\" width=\"460\" height=\"386\" src=\"https:\/\/www.wachal.cz\/wp-content\/uploads\/2026\/05\/blog-May-460x386.png\" class=\"object-fit-cover wp-post-image\" alt=\"\" srcset=\"https:\/\/www.wachal.cz\/wp-content\/uploads\/2026\/05\/blog-May-460x386.png 460w, https:\/\/www.wachal.cz\/wp-content\/uploads\/2026\/05\/blog-May-768x644.png 768w, https:\/\/www.wachal.cz\/wp-content\/uploads\/2026\/05\/blog-May.png 940w\" sizes=\"auto, (max-width: 460px) 100vw, 460px\" \/>            <\/div>\n        <\/div>\n    <\/a>\n\n    \n    <a href=\"https:\/\/www.wachal.cz\/en\/oprava-prasklin-v-betonove-prijezdove-ceste-udelejte-si-sami-jeste-pred-letnimi-horky\/\">\n        <h3 class=\"titulekNovinky h5 mb-0\">Oprava prasklin v betonov\u00e9 p\u0159\u00edjezdov\u00e9 cest\u011b: Ud\u011blejte si sami je\u0161t\u011b p\u0159ed letn\u00edmi horky<\/h3>    <\/a>\n\n\n    <div class=\"datumNovinky\">12. 5. 2026<\/div>\n<\/div>                    <div class=\"col-md-4 boxNovinky py-4\">\n    \n    <a href=\"https:\/\/www.wachal.cz\/en\/hydroizolace-plochych-strech-a-teras-nejcastejsi-chyby-a-jak-spravne-zvolit-a-aplikovat-folie-a-natery\/\" aria-label=\"Hydroizolace ploch\u00fdch st\u0159ech a teras: Nej\u010dast\u011bj\u0161\u00ed chyby a jak spr\u00e1vn\u011b zvolit a aplikovat f\u00f3lie a n\u00e1t\u011bry\">\n        <div class=\"coverNovinky\">\n            <button class=\"btn btn-primary\">Read the article<\/button>\n            <div class=\"ratio ratio-1x1 mb-4\">\n                <img loading=\"lazy\" decoding=\"async\" width=\"460\" height=\"386\" src=\"https:\/\/www.wachal.cz\/wp-content\/uploads\/2026\/04\/blog-4.2-460x386.png\" class=\"object-fit-cover wp-post-image\" alt=\"\" srcset=\"https:\/\/www.wachal.cz\/wp-content\/uploads\/2026\/04\/blog-4.2-460x386.png 460w, https:\/\/www.wachal.cz\/wp-content\/uploads\/2026\/04\/blog-4.2-768x644.png 768w, https:\/\/www.wachal.cz\/wp-content\/uploads\/2026\/04\/blog-4.2.png 940w\" sizes=\"auto, (max-width: 460px) 100vw, 460px\" \/>            <\/div>\n        <\/div>\n    <\/a>\n\n    \n    <a href=\"https:\/\/www.wachal.cz\/en\/hydroizolace-plochych-strech-a-teras-nejcastejsi-chyby-a-jak-spravne-zvolit-a-aplikovat-folie-a-natery\/\">\n        <h3 class=\"titulekNovinky h5 mb-0\">Hydroizolace ploch\u00fdch st\u0159ech a teras: Nej\u010dast\u011bj\u0161\u00ed chyby a jak spr\u00e1vn\u011b zvolit a aplikovat f\u00f3lie a n\u00e1t\u011bry<\/h3>    <\/a>\n\n\n    <div class=\"datumNovinky\">7. 4. 2026<\/div>\n<\/div>                    <div class=\"col-md-4 boxNovinky py-4\">\n    \n    <a href=\"https:\/\/www.wachal.cz\/en\/pergoly-a-terasy-pro-novou-sezonu-srovnani-materialu-wpc-dreva-a-betonu-a-trendy-v-exterierovem-bydleni\/\" aria-label=\"Pergoly a terasy pro novou sez\u00f3nu: Srovn\u00e1n\u00ed materi\u00e1l\u016f WPC, d\u0159eva a betonu a trendy v exteri\u00e9rov\u00e9m bydlen\u00ed\">\n        <div class=\"coverNovinky\">\n            <button class=\"btn btn-primary\">Read the article<\/button>\n            <div class=\"ratio ratio-1x1 mb-4\">\n                <img loading=\"lazy\" decoding=\"async\" width=\"460\" height=\"386\" src=\"https:\/\/www.wachal.cz\/wp-content\/uploads\/2026\/03\/blog-March-460x386.png\" class=\"object-fit-cover wp-post-image\" alt=\"\" srcset=\"https:\/\/www.wachal.cz\/wp-content\/uploads\/2026\/03\/blog-March-460x386.png 460w, https:\/\/www.wachal.cz\/wp-content\/uploads\/2026\/03\/blog-March-768x644.png 768w, https:\/\/www.wachal.cz\/wp-content\/uploads\/2026\/03\/blog-March.png 940w\" sizes=\"auto, (max-width: 460px) 100vw, 460px\" \/>            <\/div>\n        <\/div>\n    <\/a>\n\n    \n    <a href=\"https:\/\/www.wachal.cz\/en\/pergoly-a-terasy-pro-novou-sezonu-srovnani-materialu-wpc-dreva-a-betonu-a-trendy-v-exterierovem-bydleni\/\">\n        <h3 class=\"titulekNovinky h5 mb-0\">Pergoly a terasy pro novou sez\u00f3nu: Srovn\u00e1n\u00ed materi\u00e1l\u016f WPC, d\u0159eva a betonu a trendy v exteri\u00e9rov\u00e9m bydlen\u00ed<\/h3>    <\/a>\n\n\n    <div class=\"datumNovinky\">9. 3. 2026<\/div>\n<\/div>        \n    <\/div>\n    \n\n\n\n\n<div class=\"wp-block-buttons is-content-justification-center is-layout-flex wp-container-core-buttons-is-layout-a89b3969 wp-block-buttons-is-layout-flex\">\n<div class=\"wp-block-button btn-secondary is-style-fill\"><a class=\"wp-block-button__link wp-element-button\" href=\"https:\/\/www.wachal.cz\/en\/news\/\">Show more articles<\/a><\/div>\n<\/div>\n<\/section>\n\n<section class=\"wp-block-group alignfull my-0 zluteW hpStavebniny is-layout-constrained wp-block-group-is-layout-constrained\">\n<div class=\"wp-block-columns is-layout-flex wp-container-core-columns-is-layout-f5a44f5b wp-block-columns-is-layout-flex\">\n<div class=\"wp-block-column is-vertically-aligned-center sloupecText is-layout-flow wp-block-column-is-layout-flow\" style=\"flex-basis:56%\">\n<h1 class=\"wp-block-heading h2\">Building materials and machinery rental<\/h1>\n\n\n\n<p class=\"wp-block-paragraph\">Our construction and machine rental company is your reliable partner for all construction projects, whether it is a small renovation or a large-scale construction. We offer a wide range of construction materials from renowned manufacturers that meet the highest quality standards. With us, you will find everything you need for construction and renovation\u2014from basic raw materials like bricks, concrete, and mortars to specialized materials for finishing work. <\/p>\n\n\n\n<div class=\"wp-block-buttons is-layout-flex wp-block-buttons-is-layout-flex\">\n<div class=\"wp-block-button is-style-fill\"><a class=\"wp-block-button__link wp-element-button\" href=\"&lt;!--[CDATA[https:\/\/stavebniny.wachal.cz\/]]--&gt;\" target=\"_blank\" rel=\"noreferrer noopener\">Go to e-shop<\/a><\/div>\n<\/div>\n<\/div>\n\n\n\n<div class=\"wp-block-column is-vertically-aligned-top sloupecObrazek is-layout-flow wp-block-column-is-layout-flow\"><\/div>\n<\/div>\n<\/section>\n","protected":false},"excerpt":{"rendered":"<p>We build, construct, renovate&#8230; We are a purely Czech company and civil engineering is our whole life. We have a&#8230;<\/p>\n","protected":false},"author":1,"featured_media":0,"parent":0,"menu_order":0,"comment_status":"closed","ping_status":"closed","template":"","meta":{"_acf_changed":false,"inline_featured_image":false,"footnotes":""},"class_list":["post-8598","page","type-page","status-publish","hentry"],"acf":[],"_links":{"self":[{"href":"https:\/\/www.wachal.cz\/en\/wp-json\/wp\/v2\/pages\/8598","targetHints":{"allow":["GET"]}}],"collection":[{"href":"https:\/\/www.wachal.cz\/en\/wp-json\/wp\/v2\/pages"}],"about":[{"href":"https:\/\/www.wachal.cz\/en\/wp-json\/wp\/v2\/types\/page"}],"author":[{"embeddable":true,"href":"https:\/\/www.wachal.cz\/en\/wp-json\/wp\/v2\/users\/1"}],"replies":[{"embeddable":true,"href":"https:\/\/www.wachal.cz\/en\/wp-json\/wp\/v2\/comments?post=8598"}],"version-history":[{"count":5,"href":"https:\/\/www.wachal.cz\/en\/wp-json\/wp\/v2\/pages\/8598\/revisions"}],"predecessor-version":[{"id":10190,"href":"https:\/\/www.wachal.cz\/en\/wp-json\/wp\/v2\/pages\/8598\/revisions\/10190"}],"wp:attachment":[{"href":"https:\/\/www.wachal.cz\/en\/wp-json\/wp\/v2\/media?parent=8598"}],"curies":[{"name":"wp","href":"https:\/\/api.w.org\/{rel}","templated":true}]}}