{"id":8600,"date":"2024-12-05T13:01:56","date_gmt":"2024-12-05T12:01:56","guid":{"rendered":"https:\/\/www.wachal.cz\/other-activities\/"},"modified":"2025-12-08T14:54:39","modified_gmt":"2025-12-08T13:54:39","slug":"other-activities","status":"publish","type":"page","link":"https:\/\/www.wachal.cz\/en\/other-activities\/","title":{"rendered":"Other activities"},"content":{"rendered":"\n<section class=\"wp-block-group alignfull trioW my-0 is-layout-constrained wp-block-group-is-layout-constrained\">\n<div class=\"wp-block-columns sekceBottom is-layout-flex wp-container-core-columns-is-layout-f5a44f5b wp-block-columns-is-layout-flex\">\n<div class=\"wp-block-column is-vertically-aligned-bottom sloupecText has-background is-layout-flow wp-block-column-is-layout-flow\" style=\"background:linear-gradient(90deg,rgb(255,255,255) 0%,rgb(255,255,255) 17%,rgba(255,255,255,0) 34%);flex-basis:56%\"><h1 class=\"wp-block-post-title\">Other activities<\/h1>\n\n\n<p class=\"wp-block-paragraph\">Man cannot live by building alone. Albeit\u2026 even in our other activities we remain close to building and construction. We, for instance, run our own <strong>building supply store<\/strong>, a <strong>camper van rental<\/strong> service, and we <strong>rent apartments<\/strong> in a state-of-the-art apartment block in Ostrava.  <\/p>\n\n\n\n<p class=\"wp-block-paragraph\">We also like to support projects close to our field and values they represent.<\/p>\n\n\n\n<p class=\"wp-block-paragraph\">And if you wish to ask anything, <a href=\"https:\/\/www.wachal.cz\/en\/contact\/\">contact us<\/a>. Our team of professionals is ready to help. We will be happy to help with anything regarding building and construction.  <\/p>\n<\/div>\n<\/div>\n<\/section>\n\n<div class=\"wp-block-group alignfull sekceFakeReference is-layout-constrained wp-block-group-is-layout-constrained\" style=\"margin-top:0;margin-bottom:0\">\n<div class=\"wp-block-columns is-layout-flex wp-container-core-columns-is-layout-c8f28843 wp-block-columns-is-layout-flex\" style=\"margin-top:0;margin-bottom:0\">\n<div class=\"wp-block-column is-vertically-aligned-top sloupecRefFake is-layout-flow wp-block-column-is-layout-flow\" style=\"flex-basis:36%\">\n<h3 class=\"wp-block-heading has-white-color has-text-color has-link-color wp-elements-b79fd4b125bcc31f2ab9c7b11f5ac7a0\">Stavebniny a p\u016fj\u010dovna n\u00e1\u0159ad\u00ed<\/h3>\n\n\n\n<p class=\"wp-block-paragraph\">The company has its own store with construction materials, equipment and supplies and is equipped with its own machinery for the entire range of constructions including road transport, ground work machinery and material handling.<\/p>\n\n\n\n<p class=\"wp-block-paragraph\">The store specializes in the sale of building materials in the field of dry as well traditional building. Porous concrete and brick building systems are the core materials as well as masonry materials, facade systems, polystyrenes and suspended ceilings. <\/p>\n\n\n\n<div class=\"wp-block-buttons is-layout-flex wp-block-buttons-is-layout-flex\">\n<div class=\"wp-block-button\"><a class=\"wp-block-button__link wp-element-button\" href=\"http:\/\/stavebniny.wachal.cz\/\" target=\"_blank\" rel=\"noreferrer noopener\">Go to building materials<\/a><\/div>\n<\/div>\n<\/div>\n\n\n\n<div class=\"wp-block-column is-vertically-aligned-top is-layout-flow wp-block-column-is-layout-flow\" style=\"flex-basis:64%\">\n<figure class=\"wp-block-image size-full bgSekceRe\"><img loading=\"lazy\" decoding=\"async\" width=\"2560\" height=\"1707\" src=\"https:\/\/www.wachal.cz\/wp-content\/uploads\/2025\/11\/Fotka_1-scaled.jpg\" alt=\"\" class=\"wp-image-10046\" srcset=\"https:\/\/www.wachal.cz\/wp-content\/uploads\/2025\/11\/Fotka_1-scaled.jpg 2560w, https:\/\/www.wachal.cz\/wp-content\/uploads\/2025\/11\/Fotka_1-460x307.jpg 460w, https:\/\/www.wachal.cz\/wp-content\/uploads\/2025\/11\/Fotka_1-1300x867.jpg 1300w, https:\/\/www.wachal.cz\/wp-content\/uploads\/2025\/11\/Fotka_1-768x512.jpg 768w, https:\/\/www.wachal.cz\/wp-content\/uploads\/2025\/11\/Fotka_1-1536x1024.jpg 1536w, https:\/\/www.wachal.cz\/wp-content\/uploads\/2025\/11\/Fotka_1-2048x1366.jpg 2048w\" sizes=\"auto, (max-width: 2560px) 100vw, 2560px\" \/><\/figure>\n<\/div>\n<\/div>\n<\/div>\n\n<div class=\"wp-block-group alignfull sekceFakeReference is-layout-constrained wp-block-group-is-layout-constrained\" style=\"margin-top:0;margin-bottom:0\">\n<div class=\"wp-block-columns is-layout-flex wp-container-core-columns-is-layout-c8f28843 wp-block-columns-is-layout-flex\" style=\"margin-top:0;margin-bottom:0\">\n<div class=\"wp-block-column is-vertically-aligned-top is-layout-flow wp-block-column-is-layout-flow\" style=\"flex-basis:64%\">\n\n\n<figure class=\"wp-block-image size-full bgSekceRe\"><img loading=\"lazy\" decoding=\"async\" width=\"1184\" height=\"864\" src=\"https:\/\/www.wachal.cz\/wp-content\/uploads\/2025\/11\/Fotka_2.jpg\" alt=\"\" class=\"wp-image-10043\" srcset=\"https:\/\/www.wachal.cz\/wp-content\/uploads\/2025\/11\/Fotka_2.jpg 1184w, https:\/\/www.wachal.cz\/wp-content\/uploads\/2025\/11\/Fotka_2-460x336.jpg 460w, https:\/\/www.wachal.cz\/wp-content\/uploads\/2025\/11\/Fotka_2-768x560.jpg 768w\" sizes=\"auto, (max-width: 1184px) 100vw, 1184px\" \/><\/figure>\n<\/div>\n\n\n\n<div class=\"wp-block-column is-vertically-aligned-top sloupecRefFake is-layout-flow wp-block-column-is-layout-flow\" style=\"flex-basis:36%\">\n<h3 class=\"wp-block-heading has-white-color has-text-color has-link-color wp-elements-5283fc6d8f12bcafb2cb34069cdb15c2\">Camper van rental<\/h3>\n\n\n\n<p class=\"wp-block-paragraph\">VW WACHAL a.s. offers a motorhome rental service that opens the door to unlimited possibilities for exploring new places, whether it&#8217;s outdoors, in the countryside or in picturesque towns.<\/p>\n\n\n\n<p class=\"wp-block-paragraph\">With our modern and well-equipped motorhomes, you not only get a comfortable home on the road, but also the key to unique experiences that go beyond the ordinary. Whether you&#8217;re an avid traveler, a family looking for adventure, or couples looking for a romantic getaway, our vehicles are ready to make your travel dreams come true. <\/p>\n\n\n\n<div class=\"wp-block-buttons is-layout-flex wp-block-buttons-is-layout-flex\">\n<div class=\"wp-block-button\"><a class=\"wp-block-button__link wp-element-button\" href=\"https:\/\/obytnaky.wachal.cz\/\" target=\"_blank\" rel=\"noreferrer noopener\">show motorhomes<\/a><\/div>\n<\/div>\n<\/div>\n<\/div>\n<\/div>\n\n<section class=\"wp-block-group is-layout-constrained wp-block-group-is-layout-constrained\">\n<h2 class=\"wp-block-heading has-text-align-center\">Projects<\/h2>\n\n\n\n<div class=\"wp-block-group is-layout-constrained wp-container-core-group-is-layout-0747478d wp-block-group-is-layout-constrained\" style=\"padding-top:var(--wp--preset--spacing--50);padding-right:var(--wp--preset--spacing--50);padding-bottom:var(--wp--preset--spacing--50);padding-left:var(--wp--preset--spacing--50)\">\n<div class=\"wp-block-columns is-layout-flex wp-container-core-columns-is-layout-28f84493 wp-block-columns-is-layout-flex\">\n<div class=\"wp-block-column has-yellow-background-color has-background is-layout-flow wp-block-column-is-layout-flow\" style=\"padding-top:var(--wp--preset--spacing--70);padding-right:var(--wp--preset--spacing--60);padding-bottom:var(--wp--preset--spacing--70);padding-left:var(--wp--preset--spacing--60);flex-basis:75%\">\n<h3 class=\"wp-block-heading\">Increasing the digital level of VW WACHAL a.s. through the purchase of advanced non-production digital technologies<\/h3>\n\n\n\n<p class=\"wp-block-paragraph\">The company VW WACHAL a.s., started the physical implementation of the project CZ.31.2.0\/0.0\/0.0\/22_014\/0005042 &#8220;Increasing the digital level of VW WACHAL a.s. through the purchase of advanced non-production digital technologies&#8221;.<\/p>\n\n\n\n<p class=\"wp-block-paragraph\">The aim of the project is to increase the digital level of the applicant through the purchase and implementation of advanced non-manufacturing digital technologies that will help to ensure the expansion of the capacity of the existing plant by supporting automation, data digitization and more efficient interconnection and management of corporate processes.<\/p>\n\n\n\n<p class=\"wp-block-paragraph\"><strong>The project receives financial support from the EU through the National Recovery Plan.<\/strong><\/p>\n\n\n\n<p class=\"wp-block-paragraph\">The implementation of the grant project, in terms of fulfilling all requirements of the grant provider (<a href=\"http:\/\/www.mpo.cz\/\" target=\"_blank\" rel=\"noopener\">Ministry of Industry and Trade<\/a>), is ensured by the company <a href=\"http:\/\/www.jvmrpic.cz\/\" target=\"_blank\" rel=\"noopener\">JVM \u2013 RPIC, spol. s r.o.<\/a><\/p>\n<\/div>\n\n\n\n<div class=\"wp-block-column is-layout-flow wp-block-column-is-layout-flow\" style=\"flex-basis:25%\">\n<figure class=\"wp-block-image size-large\"><img loading=\"lazy\" decoding=\"async\" width=\"1300\" height=\"345\" src=\"https:\/\/www.wachal.cz\/wp-content\/uploads\/2025\/03\/NPO_logo-publicita-web-2048x543-1-1300x345.jpg\" alt=\"\" class=\"wp-image-8561\" srcset=\"https:\/\/www.wachal.cz\/wp-content\/uploads\/2025\/03\/NPO_logo-publicita-web-2048x543-1-1300x345.jpg 1300w, https:\/\/www.wachal.cz\/wp-content\/uploads\/2025\/03\/NPO_logo-publicita-web-2048x543-1-1536x407.jpg 1536w, https:\/\/www.wachal.cz\/wp-content\/uploads\/2025\/03\/NPO_logo-publicita-web-2048x543-1-460x122.jpg 460w, https:\/\/www.wachal.cz\/wp-content\/uploads\/2025\/03\/NPO_logo-publicita-web-2048x543-1-768x204.jpg 768w, https:\/\/www.wachal.cz\/wp-content\/uploads\/2025\/03\/NPO_logo-publicita-web-2048x543-1.jpg 2048w\" sizes=\"auto, (max-width: 1300px) 100vw, 1300px\" \/><\/figure>\n\n\n\n<figure class=\"wp-block-image size-large\"><img loading=\"lazy\" decoding=\"async\" width=\"1300\" height=\"545\" src=\"https:\/\/www.wachal.cz\/wp-content\/uploads\/2025\/03\/12-2048x858-1-1300x545.jpg\" alt=\"\" class=\"wp-image-8559\" srcset=\"https:\/\/www.wachal.cz\/wp-content\/uploads\/2025\/03\/12-2048x858-1-1300x545.jpg 1300w, https:\/\/www.wachal.cz\/wp-content\/uploads\/2025\/03\/12-2048x858-1-1536x644.jpg 1536w, https:\/\/www.wachal.cz\/wp-content\/uploads\/2025\/03\/12-2048x858-1-460x193.jpg 460w, https:\/\/www.wachal.cz\/wp-content\/uploads\/2025\/03\/12-2048x858-1-768x322.jpg 768w, https:\/\/www.wachal.cz\/wp-content\/uploads\/2025\/03\/12-2048x858-1.jpg 2048w\" sizes=\"auto, (max-width: 1300px) 100vw, 1300px\" \/><\/figure>\n<\/div>\n<\/div>\n\n\n\n<div style=\"height:70px\" aria-hidden=\"true\" class=\"wp-block-spacer\"><\/div>\n\n\n\n<div class=\"wp-block-columns is-layout-flex wp-container-core-columns-is-layout-28f84493 wp-block-columns-is-layout-flex\">\n<div class=\"wp-block-column is-layout-flow wp-block-column-is-layout-flow\" style=\"flex-basis:25%\">\n<figure class=\"wp-block-image size-full\"><img loading=\"lazy\" decoding=\"async\" width=\"655\" height=\"201\" src=\"https:\/\/www.wachal.cz\/wp-content\/uploads\/2025\/04\/evropska_komise.jpg\" alt=\"\" class=\"wp-image-8619\" srcset=\"https:\/\/www.wachal.cz\/wp-content\/uploads\/2025\/04\/evropska_komise.jpg 655w, https:\/\/www.wachal.cz\/wp-content\/uploads\/2025\/04\/evropska_komise-460x141.jpg 460w\" sizes=\"auto, (max-width: 655px) 100vw, 655px\" \/><\/figure>\n\n\n\n<figure class=\"wp-block-image size-full\"><img loading=\"lazy\" decoding=\"async\" width=\"756\" height=\"201\" src=\"https:\/\/www.wachal.cz\/wp-content\/uploads\/2025\/04\/evropska_investicni_banka.jpg\" alt=\"\" class=\"wp-image-8621\" srcset=\"https:\/\/www.wachal.cz\/wp-content\/uploads\/2025\/04\/evropska_investicni_banka.jpg 756w, https:\/\/www.wachal.cz\/wp-content\/uploads\/2025\/04\/evropska_investicni_banka-460x122.jpg 460w\" sizes=\"auto, (max-width: 756px) 100vw, 756px\" \/><\/figure>\n\n\n\n<figure class=\"wp-block-image size-full\"><img loading=\"lazy\" decoding=\"async\" width=\"450\" height=\"113\" src=\"https:\/\/www.wachal.cz\/wp-content\/uploads\/2025\/04\/mzp.jpg\" alt=\"\" class=\"wp-image-8624\"\/><\/figure>\n\n\n\n<figure class=\"wp-block-image size-full\"><img loading=\"lazy\" decoding=\"async\" width=\"475\" height=\"139\" src=\"https:\/\/www.wachal.cz\/wp-content\/uploads\/2025\/04\/sfzp.jpg\" alt=\"\" class=\"wp-image-8626\" srcset=\"https:\/\/www.wachal.cz\/wp-content\/uploads\/2025\/04\/sfzp.jpg 475w, https:\/\/www.wachal.cz\/wp-content\/uploads\/2025\/04\/sfzp-460x135.jpg 460w\" sizes=\"auto, (max-width: 475px) 100vw, 475px\" \/><\/figure>\n<\/div>\n\n\n\n<div class=\"wp-block-column has-yellow-background-color has-background is-layout-flow wp-block-column-is-layout-flow\" style=\"padding-top:var(--wp--preset--spacing--70);padding-right:var(--wp--preset--spacing--60);padding-bottom:var(--wp--preset--spacing--70);padding-left:var(--wp--preset--spacing--60);flex-basis:75%\">\n<h3 class=\"wp-block-heading\">PV System Implementation at VW WACHAL a.s.<\/h3>\n\n\n\n<p class=\"wp-block-paragraph\">VW WACHAL a.s. has commenced the physical implementation of project No. 7241100465, \u201cPV System Implementation at VW WACHAL a.s.\u201d. <\/p>\n\n\n\n<p class=\"wp-block-paragraph\">The project focuses on implementing measures that contribute to reducing final energy consumption through the installation of photovoltaic systems (RES).<\/p>\n\n\n\n<p class=\"wp-block-paragraph\"><strong>This project is co-financed by the EU Emissions Trading System through the Modernisation Fund<\/strong><strong>.<\/strong><\/p>\n\n\n\n<p class=\"wp-block-paragraph\">The implementation of the grant project, in terms of fulfilling all requirements of the grant provider (<a href=\"https:\/\/mpo.gov.cz\/\" target=\"_blank\" rel=\"noopener\">Ministry of Industry and Trade<\/a>), is ensured by the company <a href=\"https:\/\/www.jvmrpic.cz\/\" target=\"_blank\" rel=\"noopener\">JVM \u2013 RPIC, spol. s r.o<\/a>.<\/p>\n<\/div>\n<\/div>\n\n\n\n<div style=\"height:70px\" aria-hidden=\"true\" class=\"wp-block-spacer\"><\/div>\n\n\n\n<div class=\"wp-block-columns is-layout-flex wp-container-core-columns-is-layout-28f84493 wp-block-columns-is-layout-flex\">\n<div class=\"wp-block-column has-yellow-background-color has-background is-layout-flow wp-block-column-is-layout-flow\" style=\"padding-top:var(--wp--preset--spacing--70);padding-right:var(--wp--preset--spacing--60);padding-bottom:var(--wp--preset--spacing--70);padding-left:var(--wp--preset--spacing--60);flex-basis:75%\">\n<h3 class=\"wp-block-heading\">E-mobility Guarantee<\/h3>\n\n\n\n<p class=\"wp-block-paragraph\"><strong>COMPANY<\/strong><br\/>VW WACHAL a.s.<\/p>\n\n\n\n<p class=\"wp-block-paragraph\"><strong>PROJECT DESCRIPTION AND GOALS<\/strong><br\/>Acquisition of a black Tesla 3 electric vehicle with a charging station, with the aim of reducing operating costs and the company&#8217;s ecological footprint.<\/p>\n\n\n\n<p class=\"wp-block-paragraph\"><strong>PROJECT IMPLEMENTATION RESULT<\/strong><br\/>The acquired Tesla 3 vehicle provides us with the opportunity for economical and ecological travel when fulfilling work duties. The project supported our efforts towards sustainability and the implementation of innovative technologies. <\/p>\n<\/div>\n\n\n\n<div class=\"wp-block-column is-layout-flow wp-block-column-is-layout-flow\" style=\"flex-basis:25%\">\n<figure class=\"wp-block-image size-full\"><img loading=\"lazy\" decoding=\"async\" width=\"600\" height=\"231\" src=\"https:\/\/www.wachal.cz\/wp-content\/uploads\/2025\/04\/nrb.jpg\" alt=\"\" class=\"wp-image-8628\" srcset=\"https:\/\/www.wachal.cz\/wp-content\/uploads\/2025\/04\/nrb.jpg 600w, https:\/\/www.wachal.cz\/wp-content\/uploads\/2025\/04\/nrb-460x177.jpg 460w\" sizes=\"auto, (max-width: 600px) 100vw, 600px\" \/><\/figure>\n\n\n\n<figure class=\"wp-block-image size-full\"><img loading=\"lazy\" decoding=\"async\" width=\"2048\" height=\"543\" src=\"https:\/\/www.wachal.cz\/wp-content\/uploads\/2025\/04\/NPO_logo-publicita-web-2048x543-1.jpg\" alt=\"\" class=\"wp-image-8630\" srcset=\"https:\/\/www.wachal.cz\/wp-content\/uploads\/2025\/04\/NPO_logo-publicita-web-2048x543-1.jpg 2048w, https:\/\/www.wachal.cz\/wp-content\/uploads\/2025\/04\/NPO_logo-publicita-web-2048x543-1-1536x407.jpg 1536w, https:\/\/www.wachal.cz\/wp-content\/uploads\/2025\/04\/NPO_logo-publicita-web-2048x543-1-460x122.jpg 460w, https:\/\/www.wachal.cz\/wp-content\/uploads\/2025\/04\/NPO_logo-publicita-web-2048x543-1-768x204.jpg 768w, https:\/\/www.wachal.cz\/wp-content\/uploads\/2025\/04\/NPO_logo-publicita-web-2048x543-1-1300x345.jpg 1300w\" sizes=\"auto, (max-width: 2048px) 100vw, 2048px\" \/><\/figure>\n\n\n\n<figure class=\"wp-block-image size-full\"><img loading=\"lazy\" decoding=\"async\" width=\"2048\" height=\"858\" src=\"https:\/\/www.wachal.cz\/wp-content\/uploads\/2025\/04\/12-2048x858-1.jpg\" alt=\"\" class=\"wp-image-8632\" srcset=\"https:\/\/www.wachal.cz\/wp-content\/uploads\/2025\/04\/12-2048x858-1.jpg 2048w, https:\/\/www.wachal.cz\/wp-content\/uploads\/2025\/04\/12-2048x858-1-1536x644.jpg 1536w, https:\/\/www.wachal.cz\/wp-content\/uploads\/2025\/04\/12-2048x858-1-460x193.jpg 460w, https:\/\/www.wachal.cz\/wp-content\/uploads\/2025\/04\/12-2048x858-1-768x322.jpg 768w, https:\/\/www.wachal.cz\/wp-content\/uploads\/2025\/04\/12-2048x858-1-1300x545.jpg 1300w\" sizes=\"auto, (max-width: 2048px) 100vw, 2048px\" \/><\/figure>\n<\/div>\n<\/div>\n\n\n\n<div style=\"height:70px\" aria-hidden=\"true\" class=\"wp-block-spacer\"><\/div>\n\n\n\n<div class=\"wp-block-columns is-layout-flex wp-container-core-columns-is-layout-28f84493 wp-block-columns-is-layout-flex\">\n<div class=\"wp-block-column is-layout-flow wp-block-column-is-layout-flow\" style=\"flex-basis:40%\">\n<figure data-wp-context=\"{&quot;imageId&quot;:&quot;6a074b217ed7e&quot;}\" data-wp-interactive=\"core\/image\" data-wp-key=\"6a074b217ed7e\" class=\"wp-block-image size-full wp-lightbox-container\"><img loading=\"lazy\" decoding=\"async\" width=\"1862\" height=\"2560\" data-wp-class--hide=\"state.isContentHidden\" data-wp-class--show=\"state.isContentVisible\" data-wp-init=\"callbacks.setButtonStyles\" data-wp-on--click=\"actions.showLightbox\" data-wp-on--load=\"callbacks.setButtonStyles\" data-wp-on-window--resize=\"callbacks.setButtonStyles\" src=\"https:\/\/www.wachal.cz\/wp-content\/uploads\/2025\/09\/Plakat-A3-scaled.jpg\" alt=\"\" class=\"wp-image-9859\" srcset=\"https:\/\/www.wachal.cz\/wp-content\/uploads\/2025\/09\/Plakat-A3-scaled.jpg 1862w, https:\/\/www.wachal.cz\/wp-content\/uploads\/2025\/09\/Plakat-A3-335x460.jpg 335w, https:\/\/www.wachal.cz\/wp-content\/uploads\/2025\/09\/Plakat-A3-946x1300.jpg 946w, https:\/\/www.wachal.cz\/wp-content\/uploads\/2025\/09\/Plakat-A3-768x1056.jpg 768w, https:\/\/www.wachal.cz\/wp-content\/uploads\/2025\/09\/Plakat-A3-1117x1536.jpg 1117w, https:\/\/www.wachal.cz\/wp-content\/uploads\/2025\/09\/Plakat-A3-1490x2048.jpg 1490w\" sizes=\"auto, (max-width: 1862px) 100vw, 1862px\" \/><button\n\t\t\tclass=\"lightbox-trigger\"\n\t\t\ttype=\"button\"\n\t\t\taria-haspopup=\"dialog\"\n\t\t\taria-label=\"Enlarge\"\n\t\t\tdata-wp-init=\"callbacks.initTriggerButton\"\n\t\t\tdata-wp-on--click=\"actions.showLightbox\"\n\t\t\tdata-wp-style--right=\"state.imageButtonRight\"\n\t\t\tdata-wp-style--top=\"state.imageButtonTop\"\n\t\t>\n\t\t\t<svg xmlns=\"http:\/\/www.w3.org\/2000\/svg\" width=\"12\" height=\"12\" fill=\"none\" viewBox=\"0 0 12 12\">\n\t\t\t\t<path fill=\"#fff\" d=\"M2 0a2 2 0 0 0-2 2v2h1.5V2a.5.5 0 0 1 .5-.5h2V0H2Zm2 10.5H2a.5.5 0 0 1-.5-.5V8H0v2a2 2 0 0 0 2 2h2v-1.5ZM8 12v-1.5h2a.5.5 0 0 0 .5-.5V8H12v2a2 2 0 0 1-2 2H8Zm2-12a2 2 0 0 1 2 2v2h-1.5V2a.5.5 0 0 0-.5-.5H8V0h2Z\" \/ class=\"wp-block-paragraph\">\n\t\t\t<\/svg>\n\t\t<\/button><\/figure>\n<\/div>\n\n\n\n<div class=\"wp-block-column has-yellow-background-color has-background is-layout-flow wp-block-column-is-layout-flow\" style=\"padding-top:var(--wp--preset--spacing--70);padding-right:var(--wp--preset--spacing--60);padding-bottom:var(--wp--preset--spacing--70);padding-left:var(--wp--preset--spacing--60);flex-basis:60%\">\n<h3 class=\"wp-block-heading\">Digitalization Development at VW WACHAL a.s. through Newly Acquired Technologies<\/h3>\n\n\n\n<p class=\"wp-block-paragraph\">VW WACHAL a.s. has commenced the physical implementation of project CZ.01.01.02\/01\/23_023\/0002647, \u201cDigitalization Development at VW WACHAL a.s. through Newly Acquired Technologies\u201d.<\/p>\n\n\n\n<p class=\"wp-block-paragraph\">The aim of the project (operation) is the planned digital transformation of the company, primarily through the acquisition of new advanced non-production digital technologies, which will lead to the streamlining of internal processes, increased network and data security, more efficient management, and an overall improvement of the company&#8217;s ICT infrastructure.<\/p>\n\n\n\n<p class=\"wp-block-paragraph\">The operation receives financial support from the EU.<\/p>\n<\/div>\n<\/div>\n<\/div>\n<\/section>\n","protected":false},"excerpt":{"rendered":"<p>Man cannot live by building alone. Albeit\u2026 even in our other activities we remain close to building and construction. We,&#8230;<\/p>\n","protected":false},"author":1,"featured_media":0,"parent":0,"menu_order":0,"comment_status":"closed","ping_status":"closed","template":"page-cta.php","meta":{"_acf_changed":false,"inline_featured_image":false,"footnotes":""},"class_list":["post-8600","page","type-page","status-publish","hentry"],"acf":[],"_links":{"self":[{"href":"https:\/\/www.wachal.cz\/en\/wp-json\/wp\/v2\/pages\/8600","targetHints":{"allow":["GET"]}}],"collection":[{"href":"https:\/\/www.wachal.cz\/en\/wp-json\/wp\/v2\/pages"}],"about":[{"href":"https:\/\/www.wachal.cz\/en\/wp-json\/wp\/v2\/types\/page"}],"author":[{"embeddable":true,"href":"https:\/\/www.wachal.cz\/en\/wp-json\/wp\/v2\/users\/1"}],"replies":[{"embeddable":true,"href":"https:\/\/www.wachal.cz\/en\/wp-json\/wp\/v2\/comments?post=8600"}],"version-history":[{"count":4,"href":"https:\/\/www.wachal.cz\/en\/wp-json\/wp\/v2\/pages\/8600\/revisions"}],"predecessor-version":[{"id":10182,"href":"https:\/\/www.wachal.cz\/en\/wp-json\/wp\/v2\/pages\/8600\/revisions\/10182"}],"wp:attachment":[{"href":"https:\/\/www.wachal.cz\/en\/wp-json\/wp\/v2\/media?parent=8600"}],"curies":[{"name":"wp","href":"https:\/\/api.w.org\/{rel}","templated":true}]}}